{"id":5210,"date":"2024-09-29T02:11:05","date_gmt":"2024-09-29T02:11:05","guid":{"rendered":"https:\/\/arteregial.com.mx\/product\/collar-estilo-corbata-artesanal\/"},"modified":"2024-09-29T02:11:05","modified_gmt":"2024-09-29T02:11:05","slug":"collar-estilo-corbata-artesanal","status":"publish","type":"product","link":"https:\/\/arteregial.com.mx\/en\/product\/collar-estilo-corbata-artesanal\/","title":{"rendered":"Collar estilo corbata artesanal"},"content":{"rendered":"<p>Collar de estilo \u00fanico, artesanal estilo corbata para ajustar el largo seg\u00fan desees. cuenta con Aretes, cadena de aluminio en tono plateado y cuentas de acr\u00edlico de coraz\u00f3n negro, el dije es una hoja oto\u00f1al en tono plateado.<\/p>","protected":false},"excerpt":{"rendered":"<p>Collar de estilo \u00fanico, artesanal estilo corbata para ajustar el largo seg\u00fan desees. cuenta con Aretes, cadena de aluminio en tono plateado y cuentas de acr\u00edlico de coraz\u00f3n negro, el dije es una hoja oto\u00f1al en tono plateado.<\/p>","protected":false},"featured_media":5209,"comment_status":"open","ping_status":"closed","template":"","meta":{"advanced_seo_description":"","jetpack_seo_html_title":"","jetpack_seo_noindex":false,"jetpack_publicize_message":"","jetpack_publicize_feature_enabled":true,"jetpack_social_post_already_shared":true,"jetpack_social_options":{"image_generator_settings":{"template":"highway","default_image_id":0,"font":"","enabled":false},"version":2}},"product_brand":[],"product_cat":[88],"product_tag":[28,87,118,89,40,64,46,148],"class_list":{"0":"post-5210","1":"product","2":"type-product","3":"status-publish","4":"has-post-thumbnail","6":"product_cat-collares","7":"product_tag-accessories","8":"product_tag-aretes","9":"product_tag-artesanal","10":"product_tag-collares","11":"product_tag-handmade","12":"product_tag-hecho-a-mano","13":"product_tag-jewelry","14":"product_tag-mexico","16":"first","17":"instock","18":"sold-individually","19":"shipping-taxable","20":"purchasable","21":"product-type-simple"},"jetpack_publicize_connections":[],"jetpack-related-posts":[],"jetpack_sharing_enabled":true,"_links":{"self":[{"href":"https:\/\/arteregial.com.mx\/en\/wp-json\/wp\/v2\/product\/5210","targetHints":{"allow":["GET"]}}],"collection":[{"href":"https:\/\/arteregial.com.mx\/en\/wp-json\/wp\/v2\/product"}],"about":[{"href":"https:\/\/arteregial.com.mx\/en\/wp-json\/wp\/v2\/types\/product"}],"replies":[{"embeddable":true,"href":"https:\/\/arteregial.com.mx\/en\/wp-json\/wp\/v2\/comments?post=5210"}],"wp:featuredmedia":[{"embeddable":true,"href":"https:\/\/arteregial.com.mx\/en\/wp-json\/wp\/v2\/media\/5209"}],"wp:attachment":[{"href":"https:\/\/arteregial.com.mx\/en\/wp-json\/wp\/v2\/media?parent=5210"}],"wp:term":[{"taxonomy":"product_brand","embeddable":true,"href":"https:\/\/arteregial.com.mx\/en\/wp-json\/wp\/v2\/product_brand?post=5210"},{"taxonomy":"product_cat","embeddable":true,"href":"https:\/\/arteregial.com.mx\/en\/wp-json\/wp\/v2\/product_cat?post=5210"},{"taxonomy":"product_tag","embeddable":true,"href":"https:\/\/arteregial.com.mx\/en\/wp-json\/wp\/v2\/product_tag?post=5210"}],"curies":[{"name":"wp","href":"https:\/\/api.w.org\/{rel}","templated":true}]}}