{"id":5200,"date":"2024-06-10T21:46:03","date_gmt":"2024-06-10T21:46:03","guid":{"rendered":"https:\/\/arteregial.com.mx\/product\/vestido-bordado-lila\/"},"modified":"2024-11-08T06:34:12","modified_gmt":"2024-11-08T06:34:12","slug":"vestido-bordado-lila","status":"publish","type":"product","link":"https:\/\/arteregial.com.mx\/en\/product\/vestido-bordado-lila\/","title":{"rendered":"Vestido bordado Lila"},"content":{"rendered":"<p>Vestido largo, s\u00faper fresco en tela ray\u00f3n con bordado de flores, c\u00f3modo y abarca desde una talla S hasta L por su el\u00e1stico en la cintura. Unitalla.<\/p>","protected":false},"excerpt":{"rendered":"<p>Vestido largo, s\u00faper fresco en tela ray\u00f3n con bordado de flores, c\u00f3modo y abarca desde una talla S hasta L por su el\u00e1stico en la cintura. Unitalla.<\/p>","protected":false},"featured_media":5199,"comment_status":"open","ping_status":"closed","template":"","meta":{"advanced_seo_description":"","jetpack_seo_html_title":"","jetpack_seo_noindex":false,"jetpack_publicize_message":"","jetpack_publicize_feature_enabled":true,"jetpack_social_post_already_shared":true,"jetpack_social_options":{"image_generator_settings":{"template":"highway","default_image_id":0,"font":"","enabled":false},"version":2}},"product_brand":[],"product_cat":[95],"product_tag":[118,120,123,64,148,96],"class_list":{"0":"post-5200","1":"product","2":"type-product","3":"status-publish","4":"has-post-thumbnail","6":"product_cat-vestidos","7":"product_tag-artesanal","8":"product_tag-bordado","9":"product_tag-flores","10":"product_tag-hecho-a-mano","11":"product_tag-mexico","12":"product_tag-vestidos","14":"first","15":"instock","16":"sold-individually","17":"shipping-taxable","18":"purchasable","19":"product-type-simple"},"jetpack_publicize_connections":[],"jetpack-related-posts":[],"jetpack_sharing_enabled":true,"_links":{"self":[{"href":"https:\/\/arteregial.com.mx\/en\/wp-json\/wp\/v2\/product\/5200","targetHints":{"allow":["GET"]}}],"collection":[{"href":"https:\/\/arteregial.com.mx\/en\/wp-json\/wp\/v2\/product"}],"about":[{"href":"https:\/\/arteregial.com.mx\/en\/wp-json\/wp\/v2\/types\/product"}],"replies":[{"embeddable":true,"href":"https:\/\/arteregial.com.mx\/en\/wp-json\/wp\/v2\/comments?post=5200"}],"wp:featuredmedia":[{"embeddable":true,"href":"https:\/\/arteregial.com.mx\/en\/wp-json\/wp\/v2\/media\/5199"}],"wp:attachment":[{"href":"https:\/\/arteregial.com.mx\/en\/wp-json\/wp\/v2\/media?parent=5200"}],"wp:term":[{"taxonomy":"product_brand","embeddable":true,"href":"https:\/\/arteregial.com.mx\/en\/wp-json\/wp\/v2\/product_brand?post=5200"},{"taxonomy":"product_cat","embeddable":true,"href":"https:\/\/arteregial.com.mx\/en\/wp-json\/wp\/v2\/product_cat?post=5200"},{"taxonomy":"product_tag","embeddable":true,"href":"https:\/\/arteregial.com.mx\/en\/wp-json\/wp\/v2\/product_tag?post=5200"}],"curies":[{"name":"wp","href":"https:\/\/api.w.org\/{rel}","templated":true}]}}