{"id":5197,"date":"2024-04-04T23:08:32","date_gmt":"2024-04-04T23:08:32","guid":{"rendered":"https:\/\/arteregial.com.mx\/product\/bolso-baul-en-piel-color-lila\/"},"modified":"2024-04-04T23:08:32","modified_gmt":"2024-04-04T23:08:32","slug":"bolso-baul-en-piel-color-lila","status":"publish","type":"product","link":"https:\/\/arteregial.com.mx\/en\/product\/bolso-baul-en-piel-color-lila\/","title":{"rendered":"Bolso ba\u00fal en piel color lila"},"content":{"rendered":"<p>Bolso ba\u00fal elaborado en piel troquelada color lila y detalles caf\u00e9s. Cuenta con asa larga, sus medidas son 29 cm de ancho, 17 cm de alto y 15 cm.de profundidad.<\/p>","protected":false},"excerpt":{"rendered":"<p>Bolso ba\u00fal elaborado en piel troquelada color lila y detalles caf\u00e9s. Cuenta con asa larga, sus medidas son 29 cm de ancho, 17 cm de alto y 15 cm.de profundidad.<\/p>","protected":false},"featured_media":5195,"comment_status":"open","ping_status":"closed","template":"","meta":{"advanced_seo_description":"","jetpack_seo_html_title":"","jetpack_seo_noindex":false,"jetpack_publicize_message":"","jetpack_publicize_feature_enabled":true,"jetpack_social_post_already_shared":true,"jetpack_social_options":{"image_generator_settings":{"template":"highway","default_image_id":0,"font":"","enabled":false},"version":2}},"product_brand":[],"product_cat":[104],"product_tag":[118,85,82,110,148,156],"class_list":{"0":"post-5197","1":"product","2":"type-product","3":"status-publish","4":"has-post-thumbnail","6":"product_cat-bolsas","7":"product_tag-artesanal","8":"product_tag-bolsas","9":"product_tag-bolsos","10":"product_tag-bolsos-artesanal","11":"product_tag-mexico","12":"product_tag-piel","14":"first","15":"instock","16":"sold-individually","17":"shipping-taxable","18":"purchasable","19":"product-type-simple"},"jetpack_publicize_connections":[],"jetpack-related-posts":[],"jetpack_sharing_enabled":true,"_links":{"self":[{"href":"https:\/\/arteregial.com.mx\/en\/wp-json\/wp\/v2\/product\/5197","targetHints":{"allow":["GET"]}}],"collection":[{"href":"https:\/\/arteregial.com.mx\/en\/wp-json\/wp\/v2\/product"}],"about":[{"href":"https:\/\/arteregial.com.mx\/en\/wp-json\/wp\/v2\/types\/product"}],"replies":[{"embeddable":true,"href":"https:\/\/arteregial.com.mx\/en\/wp-json\/wp\/v2\/comments?post=5197"}],"wp:featuredmedia":[{"embeddable":true,"href":"https:\/\/arteregial.com.mx\/en\/wp-json\/wp\/v2\/media\/5195"}],"wp:attachment":[{"href":"https:\/\/arteregial.com.mx\/en\/wp-json\/wp\/v2\/media?parent=5197"}],"wp:term":[{"taxonomy":"product_brand","embeddable":true,"href":"https:\/\/arteregial.com.mx\/en\/wp-json\/wp\/v2\/product_brand?post=5197"},{"taxonomy":"product_cat","embeddable":true,"href":"https:\/\/arteregial.com.mx\/en\/wp-json\/wp\/v2\/product_cat?post=5197"},{"taxonomy":"product_tag","embeddable":true,"href":"https:\/\/arteregial.com.mx\/en\/wp-json\/wp\/v2\/product_tag?post=5197"}],"curies":[{"name":"wp","href":"https:\/\/api.w.org\/{rel}","templated":true}]}}