{"id":5112,"date":"2023-03-04T01:20:21","date_gmt":"2023-03-04T01:20:21","guid":{"rendered":"https:\/\/arteregial.com.mx\/product\/jabon-artesanal-jamaica-canela\/"},"modified":"2023-03-04T01:20:21","modified_gmt":"2023-03-04T01:20:21","slug":"jabon-artesanal-jamaica-canela","status":"publish","type":"product","link":"https:\/\/arteregial.com.mx\/en\/product\/jabon-artesanal-jamaica-canela\/","title":{"rendered":"Jab\u00f3n artesanal jamaica canela"},"content":{"rendered":"<p>Elaborado con productos naturales, este jab\u00f3n de jamaica con canela, aceite de olivo, aceite de coco y vitamina E consentir\u00e1 a tu piel brindando frescura, ayuda contra el envejecimiento prematuro, es un excelente antioxidante natural, Hidrata a profundidad y eliminaci\u00f3n el exceso de grasa.<\/p>","protected":false},"excerpt":{"rendered":"<p>Elaborado con productos naturales, este jab\u00f3n de jamaica con canela, aceite de olivo, aceite de coco y vitamina E consentir\u00e1 a tu piel brindando frescura, ayuda contra el envejecimiento prematuro, es un excelente antioxidante natural, Hidrata a profundidad y eliminaci\u00f3n el exceso de grasa.<\/p>","protected":false},"featured_media":5111,"comment_status":"open","ping_status":"closed","template":"","meta":{"advanced_seo_description":"","jetpack_seo_html_title":"","jetpack_seo_noindex":false,"jetpack_publicize_message":"","jetpack_publicize_feature_enabled":true,"jetpack_social_post_already_shared":true,"jetpack_social_options":{"image_generator_settings":{"template":"highway","default_image_id":0,"font":"","enabled":false},"version":2}},"product_brand":[],"product_cat":[152],"product_tag":[30,118,40,64,153],"class_list":{"0":"post-5112","1":"product","2":"type-product","3":"status-publish","4":"has-post-thumbnail","6":"product_cat-kiwa-jabones-artesanales","7":"product_tag-aroma","8":"product_tag-artesanal","9":"product_tag-handmade","10":"product_tag-hecho-a-mano","11":"product_tag-jabones-artesanales","13":"first","14":"instock","15":"shipping-taxable","16":"purchasable","17":"product-type-simple"},"jetpack_publicize_connections":[],"jetpack-related-posts":[],"jetpack_sharing_enabled":true,"_links":{"self":[{"href":"https:\/\/arteregial.com.mx\/en\/wp-json\/wp\/v2\/product\/5112","targetHints":{"allow":["GET"]}}],"collection":[{"href":"https:\/\/arteregial.com.mx\/en\/wp-json\/wp\/v2\/product"}],"about":[{"href":"https:\/\/arteregial.com.mx\/en\/wp-json\/wp\/v2\/types\/product"}],"replies":[{"embeddable":true,"href":"https:\/\/arteregial.com.mx\/en\/wp-json\/wp\/v2\/comments?post=5112"}],"wp:featuredmedia":[{"embeddable":true,"href":"https:\/\/arteregial.com.mx\/en\/wp-json\/wp\/v2\/media\/5111"}],"wp:attachment":[{"href":"https:\/\/arteregial.com.mx\/en\/wp-json\/wp\/v2\/media?parent=5112"}],"wp:term":[{"taxonomy":"product_brand","embeddable":true,"href":"https:\/\/arteregial.com.mx\/en\/wp-json\/wp\/v2\/product_brand?post=5112"},{"taxonomy":"product_cat","embeddable":true,"href":"https:\/\/arteregial.com.mx\/en\/wp-json\/wp\/v2\/product_cat?post=5112"},{"taxonomy":"product_tag","embeddable":true,"href":"https:\/\/arteregial.com.mx\/en\/wp-json\/wp\/v2\/product_tag?post=5112"}],"curies":[{"name":"wp","href":"https:\/\/api.w.org\/{rel}","templated":true}]}}