{"id":5106,"date":"2023-02-08T05:04:39","date_gmt":"2023-02-08T05:04:39","guid":{"rendered":"https:\/\/arteregial.com.mx\/product\/jabon-artesanal-polo-norte\/"},"modified":"2023-02-08T05:04:39","modified_gmt":"2023-02-08T05:04:39","slug":"jabon-artesanal-polo-norte","status":"publish","type":"product","link":"https:\/\/arteregial.com.mx\/en\/product\/jabon-artesanal-polo-norte\/","title":{"rendered":"Jab\u00f3n artesanal polo norte"},"content":{"rendered":"<p>Jab\u00f3n elaborado artesanalmente, con fresco y delicioso aroma, ideal para los peque\u00f1os. su peso es de 250 gramos, simula un oso polar y un ping\u00faino sobre hielo.<\/p>","protected":false},"excerpt":{"rendered":"<p>Jab\u00f3n elaborado artesanalmente, con fresco y delicioso aroma, ideal para los peque\u00f1os. su peso es de 250 gramos, simula un oso polar y un ping\u00faino sobre hielo.<\/p>","protected":false},"featured_media":5105,"comment_status":"open","ping_status":"closed","template":"","meta":{"advanced_seo_description":"","jetpack_seo_html_title":"","jetpack_seo_noindex":false,"jetpack_publicize_message":"","jetpack_publicize_feature_enabled":true,"jetpack_social_post_already_shared":true,"jetpack_social_options":{"image_generator_settings":{"template":"highway","default_image_id":0,"font":"","enabled":false},"version":2}},"product_brand":[],"product_cat":[152],"product_tag":[30,118,64,153],"class_list":{"0":"post-5106","1":"product","2":"type-product","3":"status-publish","4":"has-post-thumbnail","6":"product_cat-kiwa-jabones-artesanales","7":"product_tag-aroma","8":"product_tag-artesanal","9":"product_tag-hecho-a-mano","10":"product_tag-jabones-artesanales","12":"first","13":"instock","14":"shipping-taxable","15":"purchasable","16":"product-type-simple"},"jetpack_publicize_connections":[],"jetpack-related-posts":[],"jetpack_sharing_enabled":true,"_links":{"self":[{"href":"https:\/\/arteregial.com.mx\/en\/wp-json\/wp\/v2\/product\/5106","targetHints":{"allow":["GET"]}}],"collection":[{"href":"https:\/\/arteregial.com.mx\/en\/wp-json\/wp\/v2\/product"}],"about":[{"href":"https:\/\/arteregial.com.mx\/en\/wp-json\/wp\/v2\/types\/product"}],"replies":[{"embeddable":true,"href":"https:\/\/arteregial.com.mx\/en\/wp-json\/wp\/v2\/comments?post=5106"}],"wp:featuredmedia":[{"embeddable":true,"href":"https:\/\/arteregial.com.mx\/en\/wp-json\/wp\/v2\/media\/5105"}],"wp:attachment":[{"href":"https:\/\/arteregial.com.mx\/en\/wp-json\/wp\/v2\/media?parent=5106"}],"wp:term":[{"taxonomy":"product_brand","embeddable":true,"href":"https:\/\/arteregial.com.mx\/en\/wp-json\/wp\/v2\/product_brand?post=5106"},{"taxonomy":"product_cat","embeddable":true,"href":"https:\/\/arteregial.com.mx\/en\/wp-json\/wp\/v2\/product_cat?post=5106"},{"taxonomy":"product_tag","embeddable":true,"href":"https:\/\/arteregial.com.mx\/en\/wp-json\/wp\/v2\/product_tag?post=5106"}],"curies":[{"name":"wp","href":"https:\/\/api.w.org\/{rel}","templated":true}]}}