{"id":5102,"date":"2022-12-09T01:47:56","date_gmt":"2022-12-09T01:47:56","guid":{"rendered":"https:\/\/arteregial.com.mx\/product\/jabones-artesanales-de-bolsillo\/"},"modified":"2022-12-09T01:47:56","modified_gmt":"2022-12-09T01:47:56","slug":"jabones-artesanales-de-bolsillo","status":"publish","type":"product","link":"https:\/\/arteregial.com.mx\/en\/product\/jabones-artesanales-de-bolsillo\/","title":{"rendered":"Jabones artesanales de bolsillo"},"content":{"rendered":"<p>Colores divertidos, rico aroma y tama\u00f1o perfecto. Tubitos de acr\u00edlico y tapa de corcho para llevar en el bolsillo con 50 gramos de peque\u00f1os jabones. Si sales y no hay con qu\u00e9 te laves las manos, ser\u00e1n tus aliados. A los peques les encantan.<\/p>","protected":false},"excerpt":{"rendered":"<p>Colores divertidos, rico aroma y tama\u00f1o perfecto. Tubitos de acr\u00edlico y tapa de corcho para llevar en el bolsillo con 50 gramos de peque\u00f1os jabones. Si sales y no hay con qu\u00e9 te laves las manos, ser\u00e1n tus aliados. A los peques les encantan.<\/p>","protected":false},"featured_media":5101,"comment_status":"open","ping_status":"closed","template":"","meta":{"advanced_seo_description":"","jetpack_seo_html_title":"","jetpack_seo_noindex":false,"jetpack_publicize_message":"","jetpack_publicize_feature_enabled":true,"jetpack_social_post_already_shared":true,"jetpack_social_options":{"image_generator_settings":{"template":"highway","default_image_id":0,"font":"","enabled":false},"version":2}},"product_brand":[],"product_cat":[68,152],"product_tag":[30,118,64,43,153,53],"class_list":{"0":"post-5102","1":"product","2":"type-product","3":"status-publish","4":"has-post-thumbnail","6":"product_cat-arteregial","7":"product_cat-kiwa-jabones-artesanales","8":"product_tag-aroma","9":"product_tag-artesanal","10":"product_tag-hecho-a-mano","11":"product_tag-ideas","12":"product_tag-jabones-artesanales","13":"product_tag-soap","15":"first","16":"instock","17":"shipping-taxable","18":"purchasable","19":"product-type-simple"},"jetpack_publicize_connections":[],"jetpack-related-posts":[],"jetpack_sharing_enabled":true,"_links":{"self":[{"href":"https:\/\/arteregial.com.mx\/en\/wp-json\/wp\/v2\/product\/5102","targetHints":{"allow":["GET"]}}],"collection":[{"href":"https:\/\/arteregial.com.mx\/en\/wp-json\/wp\/v2\/product"}],"about":[{"href":"https:\/\/arteregial.com.mx\/en\/wp-json\/wp\/v2\/types\/product"}],"replies":[{"embeddable":true,"href":"https:\/\/arteregial.com.mx\/en\/wp-json\/wp\/v2\/comments?post=5102"}],"wp:featuredmedia":[{"embeddable":true,"href":"https:\/\/arteregial.com.mx\/en\/wp-json\/wp\/v2\/media\/5101"}],"wp:attachment":[{"href":"https:\/\/arteregial.com.mx\/en\/wp-json\/wp\/v2\/media?parent=5102"}],"wp:term":[{"taxonomy":"product_brand","embeddable":true,"href":"https:\/\/arteregial.com.mx\/en\/wp-json\/wp\/v2\/product_brand?post=5102"},{"taxonomy":"product_cat","embeddable":true,"href":"https:\/\/arteregial.com.mx\/en\/wp-json\/wp\/v2\/product_cat?post=5102"},{"taxonomy":"product_tag","embeddable":true,"href":"https:\/\/arteregial.com.mx\/en\/wp-json\/wp\/v2\/product_tag?post=5102"}],"curies":[{"name":"wp","href":"https:\/\/api.w.org\/{rel}","templated":true}]}}