{"id":5096,"date":"2022-11-17T04:11:23","date_gmt":"2022-11-17T04:11:23","guid":{"rendered":"https:\/\/arteregial.com.mx\/product\/jabon-artesanal-para-bebe\/"},"modified":"2024-05-30T03:13:05","modified_gmt":"2024-05-30T03:13:05","slug":"jabon-artesanal-para-bebe","status":"publish","type":"product","link":"https:\/\/arteregial.com.mx\/en\/product\/jabon-artesanal-para-bebe\/","title":{"rendered":"Jab\u00f3n artesanal para beb\u00e9"},"content":{"rendered":"<p>Con un delicado aroma caracter\u00edstico de los beb\u00e9s, este kit que contiene tres jabones elaborados artesanalmente, una toallita de 30 x 30 cm y montados en una cajita de madera, es ideal para tus recuerdos de baby shower o el regalito perfecto. Hecho por manos de mujeres mexicanas.<\/p>","protected":false},"excerpt":{"rendered":"<p>Con un delicado aroma caracter\u00edstico de los beb\u00e9s, este kit que contiene tres jabones elaborados artesanalmente, una toallita de 30 x 30 cm y montados en una cajita de madera, es ideal para tus recuerdos de baby shower o el regalito perfecto. Hecho por manos de mujeres mexicanas.<\/p>","protected":false},"featured_media":5095,"comment_status":"open","ping_status":"closed","template":"","meta":{"advanced_seo_description":"","jetpack_seo_html_title":"","jetpack_seo_noindex":false,"jetpack_publicize_message":"","jetpack_publicize_feature_enabled":true,"jetpack_social_post_already_shared":true,"jetpack_social_options":{"image_generator_settings":{"template":"highway","default_image_id":0,"font":"","enabled":false},"version":2}},"product_brand":[],"product_cat":[152],"product_tag":[28,118,64],"class_list":{"0":"post-5096","1":"product","2":"type-product","3":"status-publish","4":"has-post-thumbnail","6":"product_cat-kiwa-jabones-artesanales","7":"product_tag-accessories","8":"product_tag-artesanal","9":"product_tag-hecho-a-mano","11":"first","12":"instock","13":"shipping-taxable","14":"purchasable","15":"product-type-simple"},"jetpack_publicize_connections":[],"jetpack-related-posts":[],"jetpack_sharing_enabled":true,"_links":{"self":[{"href":"https:\/\/arteregial.com.mx\/en\/wp-json\/wp\/v2\/product\/5096","targetHints":{"allow":["GET"]}}],"collection":[{"href":"https:\/\/arteregial.com.mx\/en\/wp-json\/wp\/v2\/product"}],"about":[{"href":"https:\/\/arteregial.com.mx\/en\/wp-json\/wp\/v2\/types\/product"}],"replies":[{"embeddable":true,"href":"https:\/\/arteregial.com.mx\/en\/wp-json\/wp\/v2\/comments?post=5096"}],"wp:featuredmedia":[{"embeddable":true,"href":"https:\/\/arteregial.com.mx\/en\/wp-json\/wp\/v2\/media\/5095"}],"wp:attachment":[{"href":"https:\/\/arteregial.com.mx\/en\/wp-json\/wp\/v2\/media?parent=5096"}],"wp:term":[{"taxonomy":"product_brand","embeddable":true,"href":"https:\/\/arteregial.com.mx\/en\/wp-json\/wp\/v2\/product_brand?post=5096"},{"taxonomy":"product_cat","embeddable":true,"href":"https:\/\/arteregial.com.mx\/en\/wp-json\/wp\/v2\/product_cat?post=5096"},{"taxonomy":"product_tag","embeddable":true,"href":"https:\/\/arteregial.com.mx\/en\/wp-json\/wp\/v2\/product_tag?post=5096"}],"curies":[{"name":"wp","href":"https:\/\/api.w.org\/{rel}","templated":true}]}}