{"id":5030,"date":"2022-10-04T18:58:01","date_gmt":"2022-10-04T18:58:01","guid":{"rendered":"https:\/\/arteregial.com.mx\/product\/blusa-de-chiapas-murcielago-con-bordado\/"},"modified":"2026-02-14T06:08:14","modified_gmt":"2026-02-14T06:08:14","slug":"blusa-de-chiapas-murcielago-con-bordado","status":"publish","type":"product","link":"https:\/\/arteregial.com.mx\/en\/product\/blusa-de-chiapas-murcielago-con-bordado\/","title":{"rendered":"Blusa de Chiapas murci\u00e9lago con bordado"},"content":{"rendered":"<p>Para tallitas L y XL es ideal, su corte circular y su manga tipo murci\u00e9lago permiten comodidad, una pieza \u00fanica en verde militar con bordado elaborado en Chiapas.<\/p>","protected":false},"excerpt":{"rendered":"<p>Para tallitas L y XL es ideal, su corte circular y su manga tipo murci\u00e9lago permiten comodidad, una pieza \u00fanica en verde militar con bordado elaborado en Chiapas.<\/p>","protected":false},"featured_media":5029,"comment_status":"open","ping_status":"closed","template":"","meta":{"advanced_seo_description":"","jetpack_seo_html_title":"","jetpack_seo_noindex":false,"jetpack_publicize_message":"","jetpack_publicize_feature_enabled":true,"jetpack_social_post_already_shared":true,"jetpack_social_options":{"image_generator_settings":{"template":"highway","default_image_id":0,"font":"","enabled":false},"version":2}},"product_brand":[],"product_cat":[68,99],"product_tag":[118,101,120,128,123,64],"class_list":{"0":"post-5030","1":"product","2":"type-product","3":"status-publish","4":"has-post-thumbnail","6":"product_cat-arteregial","7":"product_cat-blusas","8":"product_tag-artesanal","9":"product_tag-blusas","10":"product_tag-bordado","11":"product_tag-chiapas","12":"product_tag-flores","13":"product_tag-hecho-a-mano","15":"first","16":"instock","17":"sold-individually","18":"shipping-taxable","19":"purchasable","20":"product-type-simple"},"jetpack_publicize_connections":[],"jetpack-related-posts":[],"jetpack_sharing_enabled":true,"_links":{"self":[{"href":"https:\/\/arteregial.com.mx\/en\/wp-json\/wp\/v2\/product\/5030","targetHints":{"allow":["GET"]}}],"collection":[{"href":"https:\/\/arteregial.com.mx\/en\/wp-json\/wp\/v2\/product"}],"about":[{"href":"https:\/\/arteregial.com.mx\/en\/wp-json\/wp\/v2\/types\/product"}],"replies":[{"embeddable":true,"href":"https:\/\/arteregial.com.mx\/en\/wp-json\/wp\/v2\/comments?post=5030"}],"wp:featuredmedia":[{"embeddable":true,"href":"https:\/\/arteregial.com.mx\/en\/wp-json\/wp\/v2\/media\/5029"}],"wp:attachment":[{"href":"https:\/\/arteregial.com.mx\/en\/wp-json\/wp\/v2\/media?parent=5030"}],"wp:term":[{"taxonomy":"product_brand","embeddable":true,"href":"https:\/\/arteregial.com.mx\/en\/wp-json\/wp\/v2\/product_brand?post=5030"},{"taxonomy":"product_cat","embeddable":true,"href":"https:\/\/arteregial.com.mx\/en\/wp-json\/wp\/v2\/product_cat?post=5030"},{"taxonomy":"product_tag","embeddable":true,"href":"https:\/\/arteregial.com.mx\/en\/wp-json\/wp\/v2\/product_tag?post=5030"}],"curies":[{"name":"wp","href":"https:\/\/api.w.org\/{rel}","templated":true}]}}