{"id":4973,"date":"2022-09-12T00:09:56","date_gmt":"2022-09-12T00:09:56","guid":{"rendered":"https:\/\/arteregial.com.mx\/product\/aretes-circulo-de-laton-con-jade-y-ambar\/"},"modified":"2022-09-12T00:09:56","modified_gmt":"2022-09-12T00:09:56","slug":"aretes-circulo-de-laton-con-jade-y-ambar","status":"publish","type":"product","link":"https:\/\/arteregial.com.mx\/en\/product\/aretes-circulo-de-laton-con-jade-y-ambar\/","title":{"rendered":"Aretes c\u00edrculo de Lat\u00f3n con Jade y \u00c1mbar"},"content":{"rendered":"<p>Elegantes y en tendencia, aretes largos hechos de lat\u00f3n con una cuenta de \u00e1mbar y dije de Jade circular 100 % natural con propiedades de equilibrio cuerpo-mente.<\/p>","protected":false},"excerpt":{"rendered":"<p>Elegantes y en tendencia, aretes largos hechos de lat\u00f3n con una cuenta de \u00e1mbar y dije de Jade circular 100 % natural con propiedades de equilibrio cuerpo-mente.<\/p>","protected":false},"featured_media":4972,"comment_status":"open","ping_status":"closed","template":"","meta":{"advanced_seo_description":"","jetpack_seo_html_title":"","jetpack_seo_noindex":false,"jetpack_publicize_message":"","jetpack_publicize_feature_enabled":true,"jetpack_social_post_already_shared":true,"jetpack_social_options":{"image_generator_settings":{"template":"highway","default_image_id":0,"font":"","enabled":false},"version":2}},"product_brand":[],"product_cat":[126,86,68],"product_tag":[28,127,87,118,64,43,46],"class_list":{"0":"post-4973","1":"product","2":"type-product","3":"status-publish","4":"has-post-thumbnail","6":"product_cat-ambar","7":"product_cat-aretes","8":"product_cat-arteregial","9":"product_tag-accessories","10":"product_tag-ambar","11":"product_tag-aretes","12":"product_tag-artesanal","13":"product_tag-hecho-a-mano","14":"product_tag-ideas","15":"product_tag-jewelry","17":"first","18":"instock","19":"sold-individually","20":"shipping-taxable","21":"purchasable","22":"product-type-simple"},"jetpack_publicize_connections":[],"jetpack-related-posts":[],"jetpack_sharing_enabled":true,"_links":{"self":[{"href":"https:\/\/arteregial.com.mx\/en\/wp-json\/wp\/v2\/product\/4973","targetHints":{"allow":["GET"]}}],"collection":[{"href":"https:\/\/arteregial.com.mx\/en\/wp-json\/wp\/v2\/product"}],"about":[{"href":"https:\/\/arteregial.com.mx\/en\/wp-json\/wp\/v2\/types\/product"}],"replies":[{"embeddable":true,"href":"https:\/\/arteregial.com.mx\/en\/wp-json\/wp\/v2\/comments?post=4973"}],"wp:featuredmedia":[{"embeddable":true,"href":"https:\/\/arteregial.com.mx\/en\/wp-json\/wp\/v2\/media\/4972"}],"wp:attachment":[{"href":"https:\/\/arteregial.com.mx\/en\/wp-json\/wp\/v2\/media?parent=4973"}],"wp:term":[{"taxonomy":"product_brand","embeddable":true,"href":"https:\/\/arteregial.com.mx\/en\/wp-json\/wp\/v2\/product_brand?post=4973"},{"taxonomy":"product_cat","embeddable":true,"href":"https:\/\/arteregial.com.mx\/en\/wp-json\/wp\/v2\/product_cat?post=4973"},{"taxonomy":"product_tag","embeddable":true,"href":"https:\/\/arteregial.com.mx\/en\/wp-json\/wp\/v2\/product_tag?post=4973"}],"curies":[{"name":"wp","href":"https:\/\/api.w.org\/{rel}","templated":true}]}}