{"id":4946,"date":"2022-09-10T00:37:03","date_gmt":"2022-09-10T00:37:03","guid":{"rendered":"https:\/\/arteregial.com.mx\/product\/collar-mexicano\/"},"modified":"2022-09-10T00:37:03","modified_gmt":"2022-09-10T00:37:03","slug":"collar-mexicano","status":"publish","type":"product","link":"https:\/\/arteregial.com.mx\/en\/product\/collar-mexicano\/","title":{"rendered":"Collar mexicano"},"content":{"rendered":"<p>Ligero y discreto con tres cuentas de cristal en verde, blanco y rojo, la cadenita es de aluminio por lo que no se te manchar\u00e1 ni te causar\u00e1 reacci\u00f3n en la piel.<\/p>","protected":false},"excerpt":{"rendered":"<p>Ligero y discreto con tres cuentas de cristal en verde, blanco y rojo, la cadenita es de aluminio por lo que no se te manchar\u00e1 ni te causar\u00e1 reacci\u00f3n en la piel.<\/p>","protected":false},"featured_media":4945,"comment_status":"open","ping_status":"closed","template":"","meta":{"advanced_seo_description":"","jetpack_seo_html_title":"","jetpack_seo_noindex":false,"jetpack_publicize_message":"","jetpack_publicize_feature_enabled":true,"jetpack_social_post_already_shared":true,"jetpack_social_options":{"image_generator_settings":{"template":"highway","default_image_id":0,"font":"","enabled":false},"version":2}},"product_brand":[],"product_cat":[68,88],"product_tag":[28,118,89,64,149,46],"class_list":{"0":"post-4946","1":"product","2":"type-product","3":"status-publish","4":"has-post-thumbnail","6":"product_cat-arteregial","7":"product_cat-collares","8":"product_tag-accessories","9":"product_tag-artesanal","10":"product_tag-collares","11":"product_tag-hecho-a-mano","12":"product_tag-independencia","13":"product_tag-jewelry","15":"first","16":"instock","17":"sold-individually","18":"shipping-taxable","19":"purchasable","20":"product-type-simple"},"jetpack_publicize_connections":[],"jetpack-related-posts":[],"jetpack_sharing_enabled":true,"_links":{"self":[{"href":"https:\/\/arteregial.com.mx\/en\/wp-json\/wp\/v2\/product\/4946","targetHints":{"allow":["GET"]}}],"collection":[{"href":"https:\/\/arteregial.com.mx\/en\/wp-json\/wp\/v2\/product"}],"about":[{"href":"https:\/\/arteregial.com.mx\/en\/wp-json\/wp\/v2\/types\/product"}],"replies":[{"embeddable":true,"href":"https:\/\/arteregial.com.mx\/en\/wp-json\/wp\/v2\/comments?post=4946"}],"wp:featuredmedia":[{"embeddable":true,"href":"https:\/\/arteregial.com.mx\/en\/wp-json\/wp\/v2\/media\/4945"}],"wp:attachment":[{"href":"https:\/\/arteregial.com.mx\/en\/wp-json\/wp\/v2\/media?parent=4946"}],"wp:term":[{"taxonomy":"product_brand","embeddable":true,"href":"https:\/\/arteregial.com.mx\/en\/wp-json\/wp\/v2\/product_brand?post=4946"},{"taxonomy":"product_cat","embeddable":true,"href":"https:\/\/arteregial.com.mx\/en\/wp-json\/wp\/v2\/product_cat?post=4946"},{"taxonomy":"product_tag","embeddable":true,"href":"https:\/\/arteregial.com.mx\/en\/wp-json\/wp\/v2\/product_tag?post=4946"}],"curies":[{"name":"wp","href":"https:\/\/api.w.org\/{rel}","templated":true}]}}