{"id":4944,"date":"2022-09-09T23:58:48","date_gmt":"2022-09-09T23:58:48","guid":{"rendered":"https:\/\/arteregial.com.mx\/product\/pantalon-de-manta\/"},"modified":"2024-03-18T14:49:05","modified_gmt":"2024-03-18T14:49:05","slug":"pantalon-de-manta","status":"publish","type":"product","link":"https:\/\/arteregial.com.mx\/en\/product\/pantalon-de-manta\/","title":{"rendered":"Pantal\u00f3n de manta"},"content":{"rendered":"<p>Pantal\u00f3n de manta 100 % algod\u00f3n, fresco y muy c\u00f3modo, color beige en talla M y G, 34 y 40. las bolsas tienen bordado.<\/p>","protected":false},"excerpt":{"rendered":"<p>Pantal\u00f3n de manta 100 % algod\u00f3n, fresco y muy c\u00f3modo, color beige en talla M y G, 34 y 40. las bolsas tienen bordado.<\/p>","protected":false},"featured_media":4943,"comment_status":"open","ping_status":"closed","template":"","meta":{"advanced_seo_description":"","jetpack_seo_html_title":"","jetpack_seo_noindex":false,"jetpack_publicize_message":"","jetpack_publicize_feature_enabled":true,"jetpack_social_post_already_shared":true,"jetpack_social_options":{"image_generator_settings":{"template":"highway","default_image_id":0,"font":"","enabled":false},"version":2}},"product_brand":[],"product_cat":[68,97],"product_tag":[118,120,64,98],"class_list":{"0":"post-4944","1":"product","2":"type-product","3":"status-publish","4":"has-post-thumbnail","6":"product_cat-arteregial","7":"product_cat-pantalones","8":"product_tag-artesanal","9":"product_tag-bordado","10":"product_tag-hecho-a-mano","11":"product_tag-pantalones","13":"first","14":"instock","15":"sold-individually","16":"shipping-taxable","17":"purchasable","18":"product-type-simple"},"jetpack_publicize_connections":[],"jetpack-related-posts":[],"jetpack_sharing_enabled":true,"_links":{"self":[{"href":"https:\/\/arteregial.com.mx\/en\/wp-json\/wp\/v2\/product\/4944","targetHints":{"allow":["GET"]}}],"collection":[{"href":"https:\/\/arteregial.com.mx\/en\/wp-json\/wp\/v2\/product"}],"about":[{"href":"https:\/\/arteregial.com.mx\/en\/wp-json\/wp\/v2\/types\/product"}],"replies":[{"embeddable":true,"href":"https:\/\/arteregial.com.mx\/en\/wp-json\/wp\/v2\/comments?post=4944"}],"wp:featuredmedia":[{"embeddable":true,"href":"https:\/\/arteregial.com.mx\/en\/wp-json\/wp\/v2\/media\/4943"}],"wp:attachment":[{"href":"https:\/\/arteregial.com.mx\/en\/wp-json\/wp\/v2\/media?parent=4944"}],"wp:term":[{"taxonomy":"product_brand","embeddable":true,"href":"https:\/\/arteregial.com.mx\/en\/wp-json\/wp\/v2\/product_brand?post=4944"},{"taxonomy":"product_cat","embeddable":true,"href":"https:\/\/arteregial.com.mx\/en\/wp-json\/wp\/v2\/product_cat?post=4944"},{"taxonomy":"product_tag","embeddable":true,"href":"https:\/\/arteregial.com.mx\/en\/wp-json\/wp\/v2\/product_tag?post=4944"}],"curies":[{"name":"wp","href":"https:\/\/api.w.org\/{rel}","templated":true}]}}