{"id":4897,"date":"2022-08-30T17:51:41","date_gmt":"2022-08-30T17:51:41","guid":{"rendered":"https:\/\/arteregial.com.mx\/product\/aretes-arbol-de-la-vida\/"},"modified":"2022-08-30T17:51:41","modified_gmt":"2022-08-30T17:51:41","slug":"aretes-arbol-de-la-vida","status":"publish","type":"product","link":"https:\/\/arteregial.com.mx\/en\/product\/aretes-arbol-de-la-vida\/","title":{"rendered":"Aretes \u00e1rbol de la vida"},"content":{"rendered":"<p>Elaborados en chapa de oro, peque\u00f1os y discretos aretes con el \u00e1rbol de la vida y seguro de mariposa, hecho por artesano de Veracruz.<\/p>","protected":false},"excerpt":{"rendered":"<p>Elaborados en chapa de oro, peque\u00f1os y discretos aretes con el \u00e1rbol de la vida y seguro de mariposa, hecho por artesano de Veracruz.<\/p>","protected":false},"featured_media":4896,"comment_status":"open","ping_status":"closed","template":"","meta":{"advanced_seo_description":"","jetpack_seo_html_title":"","jetpack_seo_noindex":false,"jetpack_publicize_message":"","jetpack_publicize_feature_enabled":true,"jetpack_social_post_already_shared":true,"jetpack_social_options":{"image_generator_settings":{"template":"highway","default_image_id":0,"font":"","enabled":false},"version":2}},"product_brand":[],"product_cat":[86,68],"product_tag":[28,144,87,118,46],"class_list":{"0":"post-4897","1":"product","2":"type-product","3":"status-publish","4":"has-post-thumbnail","6":"product_cat-aretes","7":"product_cat-arteregial","8":"product_tag-accessories","9":"product_tag-arboldelavida","10":"product_tag-aretes","11":"product_tag-artesanal","12":"product_tag-jewelry","14":"first","15":"instock","16":"sold-individually","17":"shipping-taxable","18":"purchasable","19":"product-type-simple"},"jetpack_publicize_connections":[],"jetpack-related-posts":[],"jetpack_sharing_enabled":true,"_links":{"self":[{"href":"https:\/\/arteregial.com.mx\/en\/wp-json\/wp\/v2\/product\/4897","targetHints":{"allow":["GET"]}}],"collection":[{"href":"https:\/\/arteregial.com.mx\/en\/wp-json\/wp\/v2\/product"}],"about":[{"href":"https:\/\/arteregial.com.mx\/en\/wp-json\/wp\/v2\/types\/product"}],"replies":[{"embeddable":true,"href":"https:\/\/arteregial.com.mx\/en\/wp-json\/wp\/v2\/comments?post=4897"}],"wp:featuredmedia":[{"embeddable":true,"href":"https:\/\/arteregial.com.mx\/en\/wp-json\/wp\/v2\/media\/4896"}],"wp:attachment":[{"href":"https:\/\/arteregial.com.mx\/en\/wp-json\/wp\/v2\/media?parent=4897"}],"wp:term":[{"taxonomy":"product_brand","embeddable":true,"href":"https:\/\/arteregial.com.mx\/en\/wp-json\/wp\/v2\/product_brand?post=4897"},{"taxonomy":"product_cat","embeddable":true,"href":"https:\/\/arteregial.com.mx\/en\/wp-json\/wp\/v2\/product_cat?post=4897"},{"taxonomy":"product_tag","embeddable":true,"href":"https:\/\/arteregial.com.mx\/en\/wp-json\/wp\/v2\/product_tag?post=4897"}],"curies":[{"name":"wp","href":"https:\/\/api.w.org\/{rel}","templated":true}]}}