{"id":4804,"date":"2022-07-21T14:18:04","date_gmt":"2022-07-21T14:18:04","guid":{"rendered":"https:\/\/arteregial.com.mx\/product\/jumper-de-mezclilla-val\/"},"modified":"2022-07-21T14:18:04","modified_gmt":"2022-07-21T14:18:04","slug":"jumper-de-mezclilla-val","status":"publish","type":"product","link":"https:\/\/arteregial.com.mx\/en\/product\/jumper-de-mezclilla-val\/","title":{"rendered":"Jumper de mezclilla Val"},"content":{"rendered":"<p>Un jumper de mezclilla delgada, ligero y c\u00f3modo, cuenta con bordado de flores hechas en Chiapas, lleva ol\u00e1n al pecho y el\u00e1stico en la cintura, ideal para tallas chica y mediana.<\/p>","protected":false},"excerpt":{"rendered":"<p>Un jumper de mezclilla delgada, ligero y c\u00f3modo, cuenta con bordado de flores hechas en Chiapas, lleva ol\u00e1n al pecho y el\u00e1stico en la cintura, ideal para tallas chica y mediana.<\/p>","protected":false},"featured_media":4802,"comment_status":"open","ping_status":"closed","template":"","meta":{"advanced_seo_description":"","jetpack_seo_html_title":"","jetpack_seo_noindex":false,"jetpack_publicize_message":"","jetpack_publicize_feature_enabled":true,"jetpack_social_post_already_shared":true,"jetpack_social_options":{"image_generator_settings":{"template":"highway","default_image_id":0,"font":"","enabled":false},"version":2}},"product_brand":[],"product_cat":[68,90],"product_tag":[118,120,128,123,124,91],"class_list":{"0":"post-4804","1":"product","2":"type-product","3":"status-publish","4":"has-post-thumbnail","6":"product_cat-arteregial","7":"product_cat-shorts","8":"product_tag-artesanal","9":"product_tag-bordado","10":"product_tag-chiapas","11":"product_tag-flores","12":"product_tag-mezclilla","13":"product_tag-shorts","15":"first","16":"instock","17":"sold-individually","18":"shipping-taxable","19":"purchasable","20":"product-type-simple"},"jetpack_publicize_connections":[],"jetpack-related-posts":[],"jetpack_sharing_enabled":true,"_links":{"self":[{"href":"https:\/\/arteregial.com.mx\/en\/wp-json\/wp\/v2\/product\/4804","targetHints":{"allow":["GET"]}}],"collection":[{"href":"https:\/\/arteregial.com.mx\/en\/wp-json\/wp\/v2\/product"}],"about":[{"href":"https:\/\/arteregial.com.mx\/en\/wp-json\/wp\/v2\/types\/product"}],"replies":[{"embeddable":true,"href":"https:\/\/arteregial.com.mx\/en\/wp-json\/wp\/v2\/comments?post=4804"}],"wp:featuredmedia":[{"embeddable":true,"href":"https:\/\/arteregial.com.mx\/en\/wp-json\/wp\/v2\/media\/4802"}],"wp:attachment":[{"href":"https:\/\/arteregial.com.mx\/en\/wp-json\/wp\/v2\/media?parent=4804"}],"wp:term":[{"taxonomy":"product_brand","embeddable":true,"href":"https:\/\/arteregial.com.mx\/en\/wp-json\/wp\/v2\/product_brand?post=4804"},{"taxonomy":"product_cat","embeddable":true,"href":"https:\/\/arteregial.com.mx\/en\/wp-json\/wp\/v2\/product_cat?post=4804"},{"taxonomy":"product_tag","embeddable":true,"href":"https:\/\/arteregial.com.mx\/en\/wp-json\/wp\/v2\/product_tag?post=4804"}],"curies":[{"name":"wp","href":"https:\/\/api.w.org\/{rel}","templated":true}]}}