{"id":4801,"date":"2022-07-21T14:03:37","date_gmt":"2022-07-21T14:03:37","guid":{"rendered":"https:\/\/arteregial.com.mx\/product\/guayabera-yucatan-de-manta-cafe\/"},"modified":"2024-03-18T12:31:29","modified_gmt":"2024-03-18T12:31:29","slug":"guayabera-yucatan-de-manta-cafe","status":"publish","type":"product","link":"https:\/\/arteregial.com.mx\/en\/product\/guayabera-yucatan-de-manta-cafe\/","title":{"rendered":"Guayabera Yucat\u00e1n de manta caf\u00e9"},"content":{"rendered":"<p>Elegante, c\u00f3moda y fresca Guayabera elaborada en manta color caf\u00e9 claro o capuchino con bordado artesanal a un costado de los botone y bolsillos. Hay en talla grande.<\/p>","protected":false},"excerpt":{"rendered":"<p>Elegante, c\u00f3moda y fresca Guayabera elaborada en manta color caf\u00e9 claro o capuchino con bordado artesanal a un costado de los botone y bolsillos. Hay en talla grande.<\/p>","protected":false},"featured_media":4800,"comment_status":"open","ping_status":"closed","template":"","meta":{"advanced_seo_description":"","jetpack_seo_html_title":"","jetpack_seo_noindex":false,"jetpack_publicize_message":"","jetpack_publicize_feature_enabled":true,"jetpack_social_post_already_shared":true,"jetpack_social_options":{"image_generator_settings":{"template":"highway","default_image_id":0,"font":"","enabled":false},"version":2}},"product_brand":[],"product_cat":[68,117],"product_tag":[118,120,134,77],"class_list":{"0":"post-4801","1":"product","2":"type-product","3":"status-publish","4":"has-post-thumbnail","6":"product_cat-arteregial","7":"product_cat-caballeros","8":"product_tag-artesanal","9":"product_tag-bordado","10":"product_tag-guayabera","11":"product_tag-hombre","13":"first","14":"instock","15":"sold-individually","16":"shipping-taxable","17":"purchasable","18":"product-type-simple"},"jetpack_publicize_connections":[],"jetpack-related-posts":[],"jetpack_sharing_enabled":true,"_links":{"self":[{"href":"https:\/\/arteregial.com.mx\/en\/wp-json\/wp\/v2\/product\/4801","targetHints":{"allow":["GET"]}}],"collection":[{"href":"https:\/\/arteregial.com.mx\/en\/wp-json\/wp\/v2\/product"}],"about":[{"href":"https:\/\/arteregial.com.mx\/en\/wp-json\/wp\/v2\/types\/product"}],"replies":[{"embeddable":true,"href":"https:\/\/arteregial.com.mx\/en\/wp-json\/wp\/v2\/comments?post=4801"}],"wp:featuredmedia":[{"embeddable":true,"href":"https:\/\/arteregial.com.mx\/en\/wp-json\/wp\/v2\/media\/4800"}],"wp:attachment":[{"href":"https:\/\/arteregial.com.mx\/en\/wp-json\/wp\/v2\/media?parent=4801"}],"wp:term":[{"taxonomy":"product_brand","embeddable":true,"href":"https:\/\/arteregial.com.mx\/en\/wp-json\/wp\/v2\/product_brand?post=4801"},{"taxonomy":"product_cat","embeddable":true,"href":"https:\/\/arteregial.com.mx\/en\/wp-json\/wp\/v2\/product_cat?post=4801"},{"taxonomy":"product_tag","embeddable":true,"href":"https:\/\/arteregial.com.mx\/en\/wp-json\/wp\/v2\/product_tag?post=4801"}],"curies":[{"name":"wp","href":"https:\/\/api.w.org\/{rel}","templated":true}]}}