{"id":4763,"date":"2022-07-19T04:46:31","date_gmt":"2022-07-19T04:46:31","guid":{"rendered":"https:\/\/arteregial.com.mx\/product\/blusa-halter-en-tela-de-rebozo-chiapas\/"},"modified":"2022-07-19T04:46:31","modified_gmt":"2022-07-19T04:46:31","slug":"blusa-halter-en-tela-de-rebozo-chiapas","status":"publish","type":"product","link":"https:\/\/arteregial.com.mx\/en\/product\/blusa-halter-en-tela-de-rebozo-chiapas\/","title":{"rendered":"Blusa halter en tela de rebozo Chiapas"},"content":{"rendered":"<p>Porque la moda no est\u00e1 peleada con lo artesanal, est\u00e1 blusa tipo halter est\u00e1 elaborada con tela de rebozo en color verde, su escote en la espalda la vuelve coqueta, lleva el\u00e1stico en la parte de atr\u00e1s para mejor ajuste. Est\u00e1 hecha a mano por mujeres de Chiapas. ES una pieza unitalla que abarca tallitas 5, 7 y 9.<\/p>","protected":false},"excerpt":{"rendered":"<p>Porque la moda no est\u00e1 peleada con lo artesanal, est\u00e1 blusa tipo halter est\u00e1 elaborada con tela de rebozo en color verde, su escote en la espalda la vuelve coqueta, lleva el\u00e1stico en la parte de atr\u00e1s para mejor ajuste. Est\u00e1 hecha a mano por mujeres de Chiapas. ES una pieza unitalla que abarca tallitas [&hellip;]<\/p>","protected":false},"featured_media":4762,"comment_status":"open","ping_status":"closed","template":"","meta":{"advanced_seo_description":"","jetpack_seo_html_title":"","jetpack_seo_noindex":false,"jetpack_publicize_message":"","jetpack_publicize_feature_enabled":true,"jetpack_social_post_already_shared":true,"jetpack_social_options":{"image_generator_settings":{"template":"highway","default_image_id":0,"font":"","enabled":false},"version":2}},"product_brand":[],"product_cat":[68,99],"product_tag":[118,101,128,64],"class_list":{"0":"post-4763","1":"product","2":"type-product","3":"status-publish","4":"has-post-thumbnail","6":"product_cat-arteregial","7":"product_cat-blusas","8":"product_tag-artesanal","9":"product_tag-blusas","10":"product_tag-chiapas","11":"product_tag-hecho-a-mano","13":"first","14":"instock","15":"sold-individually","16":"shipping-taxable","17":"purchasable","18":"product-type-simple"},"jetpack_publicize_connections":[],"jetpack-related-posts":[],"jetpack_sharing_enabled":true,"_links":{"self":[{"href":"https:\/\/arteregial.com.mx\/en\/wp-json\/wp\/v2\/product\/4763","targetHints":{"allow":["GET"]}}],"collection":[{"href":"https:\/\/arteregial.com.mx\/en\/wp-json\/wp\/v2\/product"}],"about":[{"href":"https:\/\/arteregial.com.mx\/en\/wp-json\/wp\/v2\/types\/product"}],"replies":[{"embeddable":true,"href":"https:\/\/arteregial.com.mx\/en\/wp-json\/wp\/v2\/comments?post=4763"}],"wp:featuredmedia":[{"embeddable":true,"href":"https:\/\/arteregial.com.mx\/en\/wp-json\/wp\/v2\/media\/4762"}],"wp:attachment":[{"href":"https:\/\/arteregial.com.mx\/en\/wp-json\/wp\/v2\/media?parent=4763"}],"wp:term":[{"taxonomy":"product_brand","embeddable":true,"href":"https:\/\/arteregial.com.mx\/en\/wp-json\/wp\/v2\/product_brand?post=4763"},{"taxonomy":"product_cat","embeddable":true,"href":"https:\/\/arteregial.com.mx\/en\/wp-json\/wp\/v2\/product_cat?post=4763"},{"taxonomy":"product_tag","embeddable":true,"href":"https:\/\/arteregial.com.mx\/en\/wp-json\/wp\/v2\/product_tag?post=4763"}],"curies":[{"name":"wp","href":"https:\/\/api.w.org\/{rel}","templated":true}]}}