{"id":4726,"date":"2022-07-10T18:55:03","date_gmt":"2022-07-10T18:55:03","guid":{"rendered":"https:\/\/arteregial.com.mx\/product\/vestido-de-manta-con-bordado-a-mano\/"},"modified":"2025-12-09T12:52:12","modified_gmt":"2025-12-09T12:52:12","slug":"vestido-de-manta-con-bordado-a-mano","status":"publish","type":"product","link":"https:\/\/arteregial.com.mx\/en\/product\/vestido-de-manta-con-bordado-a-mano\/","title":{"rendered":"Vestido de manta con bordado a mano"},"content":{"rendered":"<p>Vestido de manta suave con ca\u00edda hasta el tobillo, su delicado bordado es \u00fanico, un dise\u00f1o hecho a mano por artesanos de Chiapas, lleva el\u00e1stico en la espalda y un cintillo en la cintura para realzar tu figura. Este modelo color mostaza abarca una talla 7 a 9. Mediana.<\/p>","protected":false},"excerpt":{"rendered":"<p>Vestido de manta suave con ca\u00edda hasta el tobillo, su delicado bordado es \u00fanico, un dise\u00f1o hecho a mano por artesanos de Chiapas, lleva el\u00e1stico en la espalda y un cintillo en la cintura para realzar tu figura. Este modelo color mostaza abarca una talla 7 a 9. Mediana.<\/p>","protected":false},"featured_media":4725,"comment_status":"open","ping_status":"closed","template":"","meta":{"advanced_seo_description":"","jetpack_seo_html_title":"","jetpack_seo_noindex":false,"jetpack_publicize_message":"","jetpack_publicize_feature_enabled":true,"jetpack_social_post_already_shared":false,"jetpack_social_options":{"image_generator_settings":{"template":"highway","default_image_id":0,"font":"","enabled":false},"version":2}},"product_brand":[],"product_cat":[68,95],"product_tag":[118,120,100,128,64,96],"class_list":{"0":"post-4726","1":"product","2":"type-product","3":"status-publish","4":"has-post-thumbnail","6":"product_cat-arteregial","7":"product_cat-vestidos","8":"product_tag-artesanal","9":"product_tag-bordado","10":"product_tag-bordado-a-mano","11":"product_tag-chiapas","12":"product_tag-hecho-a-mano","13":"product_tag-vestidos","15":"first","16":"instock","17":"sold-individually","18":"shipping-taxable","19":"purchasable","20":"product-type-simple"},"jetpack_publicize_connections":[],"jetpack-related-posts":[],"jetpack_sharing_enabled":true,"_links":{"self":[{"href":"https:\/\/arteregial.com.mx\/en\/wp-json\/wp\/v2\/product\/4726","targetHints":{"allow":["GET"]}}],"collection":[{"href":"https:\/\/arteregial.com.mx\/en\/wp-json\/wp\/v2\/product"}],"about":[{"href":"https:\/\/arteregial.com.mx\/en\/wp-json\/wp\/v2\/types\/product"}],"replies":[{"embeddable":true,"href":"https:\/\/arteregial.com.mx\/en\/wp-json\/wp\/v2\/comments?post=4726"}],"wp:featuredmedia":[{"embeddable":true,"href":"https:\/\/arteregial.com.mx\/en\/wp-json\/wp\/v2\/media\/4725"}],"wp:attachment":[{"href":"https:\/\/arteregial.com.mx\/en\/wp-json\/wp\/v2\/media?parent=4726"}],"wp:term":[{"taxonomy":"product_brand","embeddable":true,"href":"https:\/\/arteregial.com.mx\/en\/wp-json\/wp\/v2\/product_brand?post=4726"},{"taxonomy":"product_cat","embeddable":true,"href":"https:\/\/arteregial.com.mx\/en\/wp-json\/wp\/v2\/product_cat?post=4726"},{"taxonomy":"product_tag","embeddable":true,"href":"https:\/\/arteregial.com.mx\/en\/wp-json\/wp\/v2\/product_tag?post=4726"}],"curies":[{"name":"wp","href":"https:\/\/api.w.org\/{rel}","templated":true}]}}