{"id":4520,"date":"2022-05-06T21:25:55","date_gmt":"2022-05-06T21:25:55","guid":{"rendered":"https:\/\/arteregial.com.mx\/product\/vestido-paraiso-azul\/"},"modified":"2024-11-10T17:33:31","modified_gmt":"2024-11-10T17:33:31","slug":"vestido-paraiso-azul","status":"publish","type":"product","link":"https:\/\/arteregial.com.mx\/en\/product\/vestido-paraiso-azul\/","title":{"rendered":"Vestido Para\u00edso Azul"},"content":{"rendered":"<p>Porque a veces necesitamos sentirnos frescas, este vestido de manta y algod\u00f3n te encantar\u00e1, su bordado es completamente a mano y puedes usarlo suelto o dar un extra a tu silueta utilizando la fajilla. La talla abarca una Grande y XL.<\/p>","protected":false},"excerpt":{"rendered":"<p>Porque a veces necesitamos sentirnos frescas, este vestido de manta y algod\u00f3n te encantar\u00e1, su bordado es completamente a mano y puedes usarlo suelto o dar un extra a tu silueta utilizando la fajilla. La talla abarca una Grande y XL.<\/p>","protected":false},"featured_media":4872,"comment_status":"open","ping_status":"closed","template":"","meta":{"advanced_seo_description":"","jetpack_seo_html_title":"","jetpack_seo_noindex":false,"jetpack_publicize_message":"","jetpack_publicize_feature_enabled":true,"jetpack_social_post_already_shared":false,"jetpack_social_options":{"image_generator_settings":{"template":"highway","default_image_id":0,"font":"","enabled":false},"version":2}},"product_brand":[],"product_cat":[15],"product_tag":[],"class_list":{"0":"post-4520","1":"product","2":"type-product","3":"status-publish","4":"has-post-thumbnail","6":"product_cat-uncategorized","8":"first","9":"instock","10":"sold-individually","11":"shipping-taxable","12":"purchasable","13":"product-type-simple"},"jetpack_publicize_connections":[],"jetpack-related-posts":[],"jetpack_sharing_enabled":true,"_links":{"self":[{"href":"https:\/\/arteregial.com.mx\/en\/wp-json\/wp\/v2\/product\/4520","targetHints":{"allow":["GET"]}}],"collection":[{"href":"https:\/\/arteregial.com.mx\/en\/wp-json\/wp\/v2\/product"}],"about":[{"href":"https:\/\/arteregial.com.mx\/en\/wp-json\/wp\/v2\/types\/product"}],"replies":[{"embeddable":true,"href":"https:\/\/arteregial.com.mx\/en\/wp-json\/wp\/v2\/comments?post=4520"}],"wp:featuredmedia":[{"embeddable":true,"href":"https:\/\/arteregial.com.mx\/en\/wp-json\/wp\/v2\/media\/4872"}],"wp:attachment":[{"href":"https:\/\/arteregial.com.mx\/en\/wp-json\/wp\/v2\/media?parent=4520"}],"wp:term":[{"taxonomy":"product_brand","embeddable":true,"href":"https:\/\/arteregial.com.mx\/en\/wp-json\/wp\/v2\/product_brand?post=4520"},{"taxonomy":"product_cat","embeddable":true,"href":"https:\/\/arteregial.com.mx\/en\/wp-json\/wp\/v2\/product_cat?post=4520"},{"taxonomy":"product_tag","embeddable":true,"href":"https:\/\/arteregial.com.mx\/en\/wp-json\/wp\/v2\/product_tag?post=4520"}],"curies":[{"name":"wp","href":"https:\/\/api.w.org\/{rel}","templated":true}]}}