{"id":4048,"date":"2022-04-12T19:11:05","date_gmt":"2022-04-12T19:11:05","guid":{"rendered":"https:\/\/arteregial.com.mx\/?post_type=product&#038;p=4048"},"modified":"2024-03-18T15:45:37","modified_gmt":"2024-03-18T15:45:37","slug":"blusa-amarre-rojo","status":"publish","type":"product","link":"https:\/\/arteregial.com.mx\/en\/product\/blusa-amarre-rojo\/","title":{"rendered":"Blusa Amarre Rojo"},"content":{"rendered":"<p><span>Blusa estilo ombliguera con el\u00e1stico en la manga y cuello adem\u00e1s de un lindo amarre en la parte de atr\u00e1s.<\/span><\/p>","protected":false},"excerpt":{"rendered":"<p>Blusa estilo ombliguera con el\u00e1stico en la manga y cuello adem\u00e1s de un lindo amarre en la parte de atr\u00e1s.<\/p>","protected":false},"featured_media":4049,"comment_status":"open","ping_status":"closed","template":"","meta":{"advanced_seo_description":"","jetpack_seo_html_title":"","jetpack_seo_noindex":false,"jetpack_publicize_message":"","jetpack_publicize_feature_enabled":true,"jetpack_social_post_already_shared":false,"jetpack_social_options":{"image_generator_settings":{"template":"highway","default_image_id":0,"font":"","enabled":false},"version":2}},"product_brand":[],"product_cat":[68,99],"product_tag":[101,133],"class_list":{"0":"post-4048","1":"product","2":"type-product","3":"status-publish","4":"has-post-thumbnail","6":"product_cat-arteregial","7":"product_cat-blusas","8":"product_tag-blusas","9":"product_tag-blusas-bordadas-a-mano","11":"first","12":"instock","13":"shipping-taxable","14":"purchasable","15":"product-type-simple"},"jetpack_publicize_connections":[],"jetpack-related-posts":[],"jetpack_sharing_enabled":true,"_links":{"self":[{"href":"https:\/\/arteregial.com.mx\/en\/wp-json\/wp\/v2\/product\/4048","targetHints":{"allow":["GET"]}}],"collection":[{"href":"https:\/\/arteregial.com.mx\/en\/wp-json\/wp\/v2\/product"}],"about":[{"href":"https:\/\/arteregial.com.mx\/en\/wp-json\/wp\/v2\/types\/product"}],"replies":[{"embeddable":true,"href":"https:\/\/arteregial.com.mx\/en\/wp-json\/wp\/v2\/comments?post=4048"}],"wp:featuredmedia":[{"embeddable":true,"href":"https:\/\/arteregial.com.mx\/en\/wp-json\/wp\/v2\/media\/4049"}],"wp:attachment":[{"href":"https:\/\/arteregial.com.mx\/en\/wp-json\/wp\/v2\/media?parent=4048"}],"wp:term":[{"taxonomy":"product_brand","embeddable":true,"href":"https:\/\/arteregial.com.mx\/en\/wp-json\/wp\/v2\/product_brand?post=4048"},{"taxonomy":"product_cat","embeddable":true,"href":"https:\/\/arteregial.com.mx\/en\/wp-json\/wp\/v2\/product_cat?post=4048"},{"taxonomy":"product_tag","embeddable":true,"href":"https:\/\/arteregial.com.mx\/en\/wp-json\/wp\/v2\/product_tag?post=4048"}],"curies":[{"name":"wp","href":"https:\/\/api.w.org\/{rel}","templated":true}]}}