{"id":3916,"date":"2022-04-11T21:43:12","date_gmt":"2022-04-11T21:43:12","guid":{"rendered":"https:\/\/arteregial.com.mx\/?page_id=3916"},"modified":"2022-04-11T22:17:04","modified_gmt":"2022-04-11T22:17:04","slug":"terminos-y-condiciones","status":"publish","type":"page","link":"https:\/\/arteregial.com.mx\/en\/terminos-y-condiciones\/","title":{"rendered":"T\u00e9rminos y condiciones"},"content":{"rendered":"<div data-elementor-type=\"wp-page\" data-elementor-id=\"3916\" class=\"elementor elementor-3916\">\n\t\t\t\t\t\t\t<div class=\"elementor-element elementor-element-ce1f55c e-con-boxed e-con\" data-id=\"ce1f55c\" data-element_type=\"container\" data-settings=\"{&quot;content_width&quot;:&quot;boxed&quot;}\">\n\t\t\t\t\t<div class=\"e-con-inner\">\n\t\t\t\t<div class=\"elementor-element elementor-element-287cf13 elementor-widget elementor-widget-heading\" data-id=\"287cf13\" data-element_type=\"widget\" data-widget_type=\"heading.default\">\n\t\t\t\t<div class=\"elementor-widget-container\">\n\t\t\t<style>\/*! elementor - v3.11.5 - 14-03-2023 *\/\n.elementor-heading-title{padding:0;margin:0;line-height:1}.elementor-widget-heading .elementor-heading-title[class*=elementor-size-]>a{color:inherit;font-size:inherit;line-height:inherit}.elementor-widget-heading .elementor-heading-title.elementor-size-small{font-size:15px}.elementor-widget-heading .elementor-heading-title.elementor-size-medium{font-size:19px}.elementor-widget-heading .elementor-heading-title.elementor-size-large{font-size:29px}.elementor-widget-heading .elementor-heading-title.elementor-size-xl{font-size:39px}.elementor-widget-heading .elementor-heading-title.elementor-size-xxl{font-size:59px}<\/style><h2 class=\"elementor-heading-title elementor-size-default\">TERMS AND CONDITIONS<\/h2>\t\t<\/div>\n\t\t\t\t<\/div>\n\t\t\t\t\t<\/div>\n\t\t\t\t<\/div>\n\t\t<div class=\"elementor-element elementor-element-608fbf6 e-con-boxed e-con\" data-id=\"608fbf6\" data-element_type=\"container\" data-settings=\"{&quot;content_width&quot;:&quot;boxed&quot;}\">\n\t\t\t\t\t<div class=\"e-con-inner\">\n\t\t\t\t<div class=\"elementor-element elementor-element-d707089 elementor-widget elementor-widget-text-editor\" data-id=\"d707089\" data-element_type=\"widget\" data-widget_type=\"text-editor.default\">\n\t\t\t\t<div class=\"elementor-widget-container\">\n\t\t\t<style>\/*! elementor - v3.11.5 - 14-03-2023 *\/\n.elementor-widget-text-editor.elementor-drop-cap-view-stacked .elementor-drop-cap{background-color:#818a91;color:#fff}.elementor-widget-text-editor.elementor-drop-cap-view-framed .elementor-drop-cap{color:#818a91;border:3px solid;background-color:transparent}.elementor-widget-text-editor:not(.elementor-drop-cap-view-default) .elementor-drop-cap{margin-top:8px}.elementor-widget-text-editor:not(.elementor-drop-cap-view-default) .elementor-drop-cap-letter{width:1em;height:1em}.elementor-widget-text-editor .elementor-drop-cap{float:left;text-align:center;line-height:1;font-size:50px}.elementor-widget-text-editor .elementor-drop-cap-letter{display:inline-block}<\/style>\t\t\t\t<div class=\"elementor-element elementor-element-5509563 elementor-widget elementor-widget-text-editor\" data-id=\"5509563\" data-element_type=\"widget\" data-widget_type=\"text-editor.default\"><div class=\"elementor-widget-container\"><div class=\"elementor-text-editor elementor-clearfix\"><p>Lea estos T\u00e9rminos de uso detenidamente antes de utilizar el sitio web [www.arteregial.com.mx].<\/p><p>Su acceso y uso del Servicio est\u00e1 condicionado a su aceptaci\u00f3n y cumplimiento de estos T\u00e9rminos. Estos T\u00e9rminos se aplican a todos los visitantes, usuarios y otras personas que acceden o utilizan el Servicio.<\/p><p>Al acceder o utilizar el Servicio, usted acepta estar sujeto a estos T\u00e9rminos. Si no est\u00e1 de acuerdo con alguna parte de los t\u00e9rminos, no podr\u00e1 acceder al Servicio.<\/p><p>\u00a0<\/p><\/div><\/div><\/div><div class=\"elementor-element elementor-element-35b47d4 elementor-widget elementor-widget-heading\" data-id=\"35b47d4\" data-element_type=\"widget\" data-widget_type=\"heading.default\"><div class=\"elementor-widget-container\"><h4 class=\"elementor-heading-title elementor-size-default\">CREACI\u00d3N DE CUENTAS<\/h4><\/div><\/div><div class=\"elementor-element elementor-element-61376e0 elementor-widget elementor-widget-text-editor\" data-id=\"61376e0\" data-element_type=\"widget\" data-widget_type=\"text-editor.default\"><div class=\"elementor-widget-container\"><div class=\"elementor-text-editor elementor-clearfix\"><p>Cuando crea una cuenta con nosotros, debe proporcionarnos informaci\u00f3n precisa, completa y actualizada en todo momento. No hacerlo constituye una violaci\u00f3n de los T\u00e9rminos, lo que puede resultar en la terminaci\u00f3n inmediata de su cuenta en nuestro Servicio.<\/p><p>Usted es responsable de salvaguardar la contrase\u00f1a que utiliza para acceder al Servicio y de cualquier actividad o acci\u00f3n bajo su contrase\u00f1a, ya sea que se encuentre en nuestro Servicio o en un servicio de un tercero.<\/p><p>Usted acepta no revelar su contrase\u00f1a a ning\u00fan tercero. Debe notificarnos de inmediato al darse cuenta de cualquier violaci\u00f3n de seguridad o uso no autorizado de su cuenta.<\/p><p>\u00a0<\/p><\/div><\/div><\/div><div class=\"elementor-element elementor-element-a2237a8 elementor-widget elementor-widget-heading\" data-id=\"a2237a8\" data-element_type=\"widget\" data-widget_type=\"heading.default\"><div class=\"elementor-widget-container\"><h4 class=\"elementor-heading-title elementor-size-default\">ENV\u00cdO<\/h4><\/div><\/div><div class=\"elementor-element elementor-element-2c30cff elementor-widget elementor-widget-text-editor\" data-id=\"2c30cff\" data-element_type=\"widget\" data-widget_type=\"text-editor.default\"><div class=\"elementor-widget-container\"><div class=\"elementor-text-editor elementor-clearfix\"><p><strong>Arte Regial<\/strong> intentar\u00e1 enviar toda la mercanc\u00eda dentro de los dos d\u00edas h\u00e1biles posteriores a la compra, a menos que se especifique lo contrario. Dependiendo de la ubicaci\u00f3n del fabricante en el que se compr\u00f3 su art\u00edculo, los plazos de entrega pueden variar entre 4-5 d\u00edas h\u00e1biles en art\u00edculos en existencia. Para los art\u00edculos con plazos de entrega superiores a 5 d\u00edas, los plazos de entrega se especificar\u00e1n en la descripci\u00f3n. No nos hacemos responsables de ninguna p\u00e9rdida, da\u00f1o, costo o gasto relacionado con cualquier retraso en el env\u00edo o la entrega.<\/p><p>\u00a0<\/p><\/div><\/div><\/div><div class=\"elementor-element elementor-element-c4d1960 elementor-widget elementor-widget-heading\" data-id=\"c4d1960\" data-element_type=\"widget\" data-widget_type=\"heading.default\"><div class=\"elementor-widget-container\"><h4 class=\"elementor-heading-title elementor-size-default\">GARANT\u00cdA Y DEVOLUCIONES<\/h4><\/div><\/div><div class=\"elementor-element elementor-element-b8d4f19 elementor-widget elementor-widget-text-editor\" data-id=\"b8d4f19\" data-element_type=\"widget\" data-widget_type=\"text-editor.default\"><div class=\"elementor-widget-container\"><div class=\"elementor-text-editor elementor-clearfix\"><p>Cada producto es elaborado de forma artesanal, manteniendo los cuidados necesarios durante su fabricaci\u00f3n por lo que solo se aceptar\u00e1 la devoluci\u00f3n en caso de tener alg\u00fan defecto de f\u00e1brica, no se aceptar\u00e1n devoluciones de da\u00f1os causados por descuido de la pieza y se solicitar\u00e1 un cambi\u00f3 de producto durante los primeros 2 d\u00edas despu\u00e9s de recibir el pedido.<\/p><p>Las piezas que se quieran cambiar deber\u00e1n estar en su condici\u00f3n original, sin usar y en su paquete original. Los gastos de env\u00edo para hacer la devoluci\u00f3n deber\u00e1n ser cubiertos por el cliente.<\/p><p>\u00a0<\/p><\/div><\/div><\/div><div class=\"elementor-element elementor-element-dd6306b elementor-widget elementor-widget-heading\" data-id=\"dd6306b\" data-element_type=\"widget\" data-widget_type=\"heading.default\"><div class=\"elementor-widget-container\"><h4 class=\"elementor-heading-title elementor-size-default\">CANCELACI\u00d3N DE PEDIDO<\/h4><\/div><\/div><div class=\"elementor-element elementor-element-8119387 elementor-widget elementor-widget-text-editor\" data-id=\"8119387\" data-element_type=\"widget\" data-widget_type=\"text-editor.default\"><div class=\"elementor-widget-container\"><div class=\"elementor-text-editor elementor-clearfix\"><p><strong>No hay cancelaciones ni devoluciones una vez realizada la compra.<\/strong><\/p><p>\u00a0<\/p><\/div><\/div><\/div><div class=\"elementor-element elementor-element-ab62fd9 elementor-widget elementor-widget-heading\" data-id=\"ab62fd9\" data-element_type=\"widget\" data-widget_type=\"heading.default\"><div class=\"elementor-widget-container\"><h4 class=\"elementor-heading-title elementor-size-default\">DESCARGO DE RESPONSABILIDAD DE GARANT\u00cdAS<\/h4><\/div><\/div><div class=\"elementor-element elementor-element-4e5bf0c elementor-widget elementor-widget-text-editor\" data-id=\"4e5bf0c\" data-element_type=\"widget\" data-widget_type=\"text-editor.default\"><div class=\"elementor-widget-container\"><div class=\"elementor-text-editor elementor-clearfix\"><p>Usted comprende y acepta expresamente que el uso de este sitio es bajo su propio riesgo y que este sitio se proporciona \u201ctal cual\u201d y \u201cseg\u00fan disponibilidad\u201d. Arte Regial no hace representaciones o garant\u00edas de ning\u00fan tipo, expl\u00edcitas o impl\u00edcitas, en cuanto a la operaci\u00f3n de este sitio o la informaci\u00f3n, contenido, materiales o productos incluidos en este sitio. Indemnizaci\u00f3n.<\/p><\/div><\/div><\/div>\t\t\t\t\t\t<\/div>\n\t\t\t\t<\/div>\n\t\t\t\t\t<\/div>\n\t\t\t\t<\/div>\n\t\t\t\t\t\t\t<\/div>","protected":false},"excerpt":{"rendered":"<p>T\u00c9RMINOS Y CONDICIONES Lea estos T\u00e9rminos de uso detenidamente antes de utilizar el sitio web [www.arteregial.com.mx]. Su acceso y uso del Servicio est\u00e1 condicionado a su aceptaci\u00f3n y cumplimiento de estos T\u00e9rminos. Estos T\u00e9rminos se aplican a todos los visitantes, usuarios y otras personas que acceden o utilizan el Servicio. Al acceder o utilizar el [&hellip;]<\/p>","protected":false},"author":1,"featured_media":0,"parent":0,"menu_order":0,"comment_status":"closed","ping_status":"closed","template":"","meta":{"advanced_seo_description":"","jetpack_seo_html_title":"","jetpack_seo_noindex":false,"footnotes":""},"class_list":["post-3916","page","type-page","status-publish","hentry"],"jetpack-related-posts":[],"jetpack_sharing_enabled":true,"_links":{"self":[{"href":"https:\/\/arteregial.com.mx\/en\/wp-json\/wp\/v2\/pages\/3916","targetHints":{"allow":["GET"]}}],"collection":[{"href":"https:\/\/arteregial.com.mx\/en\/wp-json\/wp\/v2\/pages"}],"about":[{"href":"https:\/\/arteregial.com.mx\/en\/wp-json\/wp\/v2\/types\/page"}],"author":[{"embeddable":true,"href":"https:\/\/arteregial.com.mx\/en\/wp-json\/wp\/v2\/users\/1"}],"replies":[{"embeddable":true,"href":"https:\/\/arteregial.com.mx\/en\/wp-json\/wp\/v2\/comments?post=3916"}],"version-history":[{"count":22,"href":"https:\/\/arteregial.com.mx\/en\/wp-json\/wp\/v2\/pages\/3916\/revisions"}],"predecessor-version":[{"id":3961,"href":"https:\/\/arteregial.com.mx\/en\/wp-json\/wp\/v2\/pages\/3916\/revisions\/3961"}],"wp:attachment":[{"href":"https:\/\/arteregial.com.mx\/en\/wp-json\/wp\/v2\/media?parent=3916"}],"curies":[{"name":"wp","href":"https:\/\/api.w.org\/{rel}","templated":true}]}}