{"id":3,"date":"2022-03-23T17:30:44","date_gmt":"2022-03-23T17:30:44","guid":{"rendered":"http:\/\/arteregial.com.mx\/?page_id=3"},"modified":"2022-04-13T18:18:32","modified_gmt":"2022-04-13T18:18:32","slug":"politica-de-privacidad","status":"publish","type":"page","link":"https:\/\/arteregial.com.mx\/en\/politica-de-privacidad\/","title":{"rendered":"Pol\u00edtica de privacidad"},"content":{"rendered":"<div data-elementor-type=\"wp-page\" data-elementor-id=\"3\" class=\"elementor elementor-3\">\n\t\t\t\t\t\t\t<div class=\"elementor-element elementor-element-f9155a3 e-con-boxed e-con\" data-id=\"f9155a3\" data-element_type=\"container\" data-settings=\"{&quot;content_width&quot;:&quot;boxed&quot;}\">\n\t\t\t\t\t<div class=\"e-con-inner\">\n\t\t\t\t<div class=\"elementor-element elementor-element-fb0dc15 elementor-widget elementor-widget-heading\" data-id=\"fb0dc15\" data-element_type=\"widget\" data-widget_type=\"heading.default\">\n\t\t\t\t<div class=\"elementor-widget-container\">\n\t\t\t<style>\/*! elementor - v3.11.5 - 14-03-2023 *\/\n.elementor-heading-title{padding:0;margin:0;line-height:1}.elementor-widget-heading .elementor-heading-title[class*=elementor-size-]>a{color:inherit;font-size:inherit;line-height:inherit}.elementor-widget-heading .elementor-heading-title.elementor-size-small{font-size:15px}.elementor-widget-heading .elementor-heading-title.elementor-size-medium{font-size:19px}.elementor-widget-heading .elementor-heading-title.elementor-size-large{font-size:29px}.elementor-widget-heading .elementor-heading-title.elementor-size-xl{font-size:39px}.elementor-widget-heading .elementor-heading-title.elementor-size-xxl{font-size:59px}<\/style><h2 class=\"elementor-heading-title elementor-size-default\">PRIVACIDAD<\/h2>\t\t<\/div>\n\t\t\t\t<\/div>\n\t\t\t\t\t<\/div>\n\t\t\t\t<\/div>\n\t\t<div class=\"elementor-element elementor-element-dd6c43f e-con-boxed e-con\" data-id=\"dd6c43f\" data-element_type=\"container\" data-settings=\"{&quot;content_width&quot;:&quot;boxed&quot;}\">\n\t\t\t\t\t<div class=\"e-con-inner\">\n\t\t\t\t<div class=\"elementor-element elementor-element-17b3182 elementor-widget elementor-widget-text-editor\" data-id=\"17b3182\" data-element_type=\"widget\" data-widget_type=\"text-editor.default\">\n\t\t\t\t<div class=\"elementor-widget-container\">\n\t\t\t<style>\/*! elementor - v3.11.5 - 14-03-2023 *\/\n.elementor-widget-text-editor.elementor-drop-cap-view-stacked .elementor-drop-cap{background-color:#818a91;color:#fff}.elementor-widget-text-editor.elementor-drop-cap-view-framed .elementor-drop-cap{color:#818a91;border:3px solid;background-color:transparent}.elementor-widget-text-editor:not(.elementor-drop-cap-view-default) .elementor-drop-cap{margin-top:8px}.elementor-widget-text-editor:not(.elementor-drop-cap-view-default) .elementor-drop-cap-letter{width:1em;height:1em}.elementor-widget-text-editor .elementor-drop-cap{float:left;text-align:center;line-height:1;font-size:50px}.elementor-widget-text-editor .elementor-drop-cap-letter{display:inline-block}<\/style>\t\t\t\t<p>Arte Regial respeta su privacidad y valora la relaci\u00f3n con usted. Su visita a este sitio esta sujeta a estas Pol\u00edticas de Privacidad y T\u00e9rminos Generales de Uso.<\/p>\n<p>Estas Pol\u00edticas de Privacidad describen la informaci\u00f3n personal o privada que recolectamos en el sitio, actualmente localizado en www.arteregial.com.mx, quien usar\u00e1 dicha informaci\u00f3n.<\/p>\n<p>Nuestras Pol\u00edticas de Privacidad describen las medidas de seguridad que tomamos para proteger esta informaci\u00f3n, as\u00ed como pasos para actualizarla, o bien para remover tu nombre y datos de nuestra lista de correos.<\/p>\n<p>Adicionalmente explica los pasos para dejar de recibir comunicaciones de nuestros productos y servicios.<\/p>\n<p>Por favor tome nota que las Pol\u00edticas de Privacidad aplican solo la informaci\u00f3n que se otorgue en el Sitio y no aplican a cualquier otra informaci\u00f3n o comunicaci\u00f3n, tales como comunicaciones con otros sitios, tiendas y dem\u00e1s aplicables.<\/p>\n<p>\u00a0<\/p>\n<h4>INFORMACI\u00d3N SOLICITADA Y C\u00d3MO LA UTILIZAMOS<\/h4>\n<p>Usted tiene la opci\u00f3n de proveernos su informaci\u00f3n personal cuando utiliza nuestro Sitio. Por ejemplo, si usted decide completar una encuesta o sondeo en l\u00ednea, solicitar una cotizaci\u00f3n, completar una forma de registro de usuario o realizar una compra, le ser\u00e1 solicitado proveer cierta informaci\u00f3n como su informaci\u00f3n de contacto (nombre, direcci\u00f3n de correo electr\u00f3nico, direcci\u00f3n postal y numero de tel\u00e9fono), e inquietudes sobre productos y\/o servicios que ofrecemos.<\/p>\n<p>Si decide poner una orden, adicionalmente necesitaremos saber el domicilio de pago y env\u00edos, numero de tarjeta de cr\u00e9dito y fecha de expiraci\u00f3n. Para proteger su informaci\u00f3n personal, los usuarios registrados en el Sitio tendr\u00e1n adicionalmente que utilizar su nombre de usuario\/correo electr\u00f3nico y contrase\u00f1a.<\/p>\n<p>La informaci\u00f3n que se le pedir\u00e1 durante el proceso de solicitud de cotizaci\u00f3n ser\u00e1:<\/p>\n<p>\u2013 Su direcci\u00f3n de correo electr\u00f3nico.<\/p>\n<p>\u2013 Su nombre y apellidos.<\/p>\n<p>\u2013 Su domicilio, incluido un n\u00famero telef\u00f3nico.<\/p>\n<p>\u2013 Datos de Facturaci\u00f3n.<\/p>\n<p>La informaci\u00f3n que usted proporcione ser\u00e1 mantenida confidencialmente y usada para soportar su relaci\u00f3n de Cliente con Arte Regial.<\/p>\n<p>Si usted prefiere que no recolectemos su informaci\u00f3n personal, favor de no prove\u00e9rnosla.<\/p>\n<p>\u00a0<\/p>\n<h4>USO DE INFORMACI\u00d3N PERSONAL<br \/>CORREOS ELECTR\u00d3NICOS<\/h4>\n<p>Si usted lo elige, la informaci\u00f3n que nos proporciono puede ser utilizada por Arte Regial para crear y enviarle correos electr\u00f3nicos como boletines, encuestas o cualquier otro mensaje conteniendo informaci\u00f3n de productos o servicios, o promociones (en adelante \u201cEmails\u201d).<\/p>\n<p>Si usted decide recibirlos y posteriormente decide ya no recibirlos favor de enviarnos su solicitud al siguiente correo electr\u00f3nico: contacto@arteregial.com.mx<\/p>\n<p>Si usted decide proporcionarnos su informaci\u00f3n, podremos enviarle anuncios sobre servicios relacionados por cualquier medio, incluyendo correos electr\u00f3nicos, en relaci\u00f3n al Sitio o contactarlo con servicio al cliente en relaci\u00f3n a sus solicitudes o preguntas de su orden. Por ejemplo: todos los usuarios registrados recibir\u00e1n un Email de bienvenida para confirmar su registro. Este tipo de comunicaciones son necesarias para poder servirle, responder a sus inquietudes y proveer el servicio de primera que Arte Regial ofrece a sus clientes.<\/p>\n<p>Podremos utilizar su informaci\u00f3n para proporcionarle servicios y uso del Sitio seg\u00fan sus especificaciones o necesidades. Por ejemplo, podremos sugerirle productos o servicios que pueden ser de su inter\u00e9s.<\/p>\n<p>Ocasionalmente Arte Regial patrocina eventos especiales o promociones, cuestionarios y encuestas. Aplicar\u00e1n reglas especiales para cada promoci\u00f3n. Si dichas promociones no est\u00e1n sujetas a reglas especiales les aplicar\u00e1n estas.<\/p>\n<p>Al proveernos su informaci\u00f3n nos autoriza a incluir su informaci\u00f3n personal y de car\u00e1cter privado en las bases de datos, reproducirla, y compartirla con nuestros afiliados para los fines aqu\u00ed mencionados.<\/p>\n<p>\u00a0<\/p>\n<h4>TECNOLOGIAS PARA MEJORAR SU EXPERIENCIA EN NUESTRO SITIO<\/h4>\n<p>Utilizamos varias tecnolog\u00edas para recolectar informaci\u00f3n y mejorar su experiencia en nuestro Sitio. Por ejemplo, podemos recolectar la direcci\u00f3n IP que identifica a su computadora o mecanismo que pueda indicarnos su localizaci\u00f3n geogr\u00e1fica. En algunos casos, podremos utilizar esta informaci\u00f3n en combinaci\u00f3n con su informaci\u00f3n personal. Estas tecnolog\u00edas pueden proveerle una variedad de informaci\u00f3n cuando visite nuevamente nuestro Sitio. Adicionalmente podr\u00e1n guardar sus preferencias.<\/p>\n<p>\u00a0<\/p>\n<h4>INFORMACI\u00d3N QUE COMPARTIMOS Y CON QUIEN LA COMPARTIMOS<\/h4>\n<p>No proveemos informaci\u00f3n personal a terceros para que sea utilizada en la promoci\u00f3n de sus productos o servicios sin su consentimiento. Excepto por la Transferencias de Negocios, ver m\u00e1s adelante. Adicionalmente no vendemos o revelamos la informaci\u00f3n personal de nuestros visitantes excepto por lo que se describe m\u00e1s adelante.<\/p>\n<p>\u00a0<\/p>\n<h4>TERCEROS<\/h4>\n<p>Es posible que solicitemos el apoyo de otras compa\u00f1\u00edas o personas f\u00edsicas para desarrollar funciones bajo nuestra solicitud bajo las presentes pol\u00edticas. Ejemplos: especialistas de atenci\u00f3n al cliente, compa\u00f1\u00edas de hospedaje web, entre otros. Por lo anterior, podr\u00e1n tener acceso a la informaci\u00f3n personal necesaria para desarrollar las actividades encomendadas, pero no podr\u00e1n utilizar dicha informaci\u00f3n para otros fines y de deber\u00e1n utilizarla de conformidad con las Pol\u00edticas de Privacidad.<\/p>\n<p>En algunos casos, se le ofrecer\u00e1 la oportunidad de que consienta el compartir informaci\u00f3n con terceros en los casos en donde seamos co-patrocinadores de promociones. Con su consentimiento, podremos compartir esta informaci\u00f3n con terceros la cual solo podr\u00e1 ser utilizada de conformidad con las Pol\u00edticas de Privacidad.<\/p>\n<p>\u00a0<\/p>\n<h4>TRANSFERENCIAS DE NEGOCIOS<\/h4>\n<p>En el desarrollo de nuestros negocios, es posible que podamos vender ciertos activos, en dichas transacciones, informaci\u00f3n de usuarios incluyendo informaci\u00f3n personal, generalmente es uno de los activos transferidos, al proveernos su informaci\u00f3n personal en el Sitio, usted esta de acuerdo que sus datos sean transferidos a estas partes bajo estas circunstancias.<\/p>\n<h4><br \/>CUMPLIMIENTO CON LA LEY Y PROTECCION DE FRAUDES<\/h4>\n<p>Podremos revelar cualquier informaci\u00f3n que sea necesaria bajo nuestra absoluta discreci\u00f3n para cumplir con la legislaci\u00f3n aplicable, regulaciones, procedimientos legales y requerimientos de autoridades. Adicionalmente, podremos revelar cualquier informaci\u00f3n que consideremos bajo nuestra absoluta discreci\u00f3n es necesaria o apropiada para prevenir da\u00f1os o perdidas financieras o en conexi\u00f3n con sospechas o actuales actividades ilegales.<\/p>\n<p>\u00a0<\/p>\n<h4>POLITICA PARA MENORES<\/h4>\n<p>Este Sitio esta dirigido a mayores de edad. Si eres un menor de edad no deber\u00e1s proporcionarnos informaci\u00f3n personal. Si llegamos a tener conocimiento que recibimos informaci\u00f3n de un menor de edad, borraremos la informaci\u00f3n de nuestros registros.<\/p>\n<h4><br \/>COMO PROTEGEMOS INFORMACI\u00d3N PERSONAL<\/h4>\n<p>Mantenemos protecci\u00f3n razonable para este Sitio en contra de revelaci\u00f3n no autorizada, uso, alteraci\u00f3n o destrucci\u00f3n de informaci\u00f3n proporcionada en este Sitio.<\/p>\n<p>\u00a0<\/p>\n<h4>ACTUALIZACIONES DE NUESTRAS POLITICAS DE PRIVACIDAD<\/h4>\n<p>Podremos Revisar nuestras Pol\u00edticas de Privacidad de tiempo en tiempo. Si decidimos modificarla, publicaremos la pol\u00edtica revisada aqu\u00ed. Nosotros sugerimos que usted consulte peri\u00f3dicamente nuestras Pol\u00edticas de Privacidad.<\/p>\n<p>Hemos tomado grandes medidas para asegurarnos que su visita al Sitio sea excelente y que su privacidad sea constantemente respetada.<\/p>\t\t\t\t\t\t<\/div>\n\t\t\t\t<\/div>\n\t\t\t\t\t<\/div>\n\t\t\t\t<\/div>\n\t\t\t\t\t\t\t<\/div>","protected":false},"excerpt":{"rendered":"<p>PRIVACIDAD Arte Regial respeta su privacidad y valora la relaci\u00f3n con usted. Su visita a este sitio esta sujeta a estas Pol\u00edticas de Privacidad y T\u00e9rminos Generales de Uso. Estas Pol\u00edticas de Privacidad describen la informaci\u00f3n personal o privada que recolectamos en el sitio, actualmente localizado en www.arteregial.com.mx, quien usar\u00e1 dicha informaci\u00f3n. Nuestras Pol\u00edticas de [&hellip;]<\/p>","protected":false},"author":1,"featured_media":0,"parent":0,"menu_order":0,"comment_status":"closed","ping_status":"closed","template":"","meta":{"advanced_seo_description":"","jetpack_seo_html_title":"","jetpack_seo_noindex":false,"footnotes":""},"class_list":["post-3","page","type-page","status-publish","hentry"],"jetpack-related-posts":[],"jetpack_sharing_enabled":true,"_links":{"self":[{"href":"https:\/\/arteregial.com.mx\/en\/wp-json\/wp\/v2\/pages\/3","targetHints":{"allow":["GET"]}}],"collection":[{"href":"https:\/\/arteregial.com.mx\/en\/wp-json\/wp\/v2\/pages"}],"about":[{"href":"https:\/\/arteregial.com.mx\/en\/wp-json\/wp\/v2\/types\/page"}],"author":[{"embeddable":true,"href":"https:\/\/arteregial.com.mx\/en\/wp-json\/wp\/v2\/users\/1"}],"replies":[{"embeddable":true,"href":"https:\/\/arteregial.com.mx\/en\/wp-json\/wp\/v2\/comments?post=3"}],"version-history":[{"count":35,"href":"https:\/\/arteregial.com.mx\/en\/wp-json\/wp\/v2\/pages\/3\/revisions"}],"predecessor-version":[{"id":4183,"href":"https:\/\/arteregial.com.mx\/en\/wp-json\/wp\/v2\/pages\/3\/revisions\/4183"}],"wp:attachment":[{"href":"https:\/\/arteregial.com.mx\/en\/wp-json\/wp\/v2\/media?parent=3"}],"curies":[{"name":"wp","href":"https:\/\/api.w.org\/{rel}","templated":true}]}}