{"id":1117,"date":"2021-11-19T13:00:46","date_gmt":"2021-11-19T13:00:46","guid":{"rendered":"https:\/\/wgl-demo.net\/lemani\/?page_id=1117"},"modified":"2022-04-29T12:56:24","modified_gmt":"2022-04-29T12:56:24","slug":"quienes-somos","status":"publish","type":"page","link":"https:\/\/arteregial.com.mx\/en\/quienes-somos\/","title":{"rendered":"\u00bfQui\u00e9nes somos?"},"content":{"rendered":"<div data-elementor-type=\"wp-page\" data-elementor-id=\"1117\" class=\"elementor elementor-1117\">\n\t\t\t\t\t\t\t\t\t<section class=\"elementor-section elementor-top-section elementor-element elementor-element-4591f0d elementor-section-boxed elementor-section-height-default elementor-section-height-default\" data-id=\"4591f0d\" data-element_type=\"section\">\n\t\t\t\t\t\t<div class=\"elementor-container elementor-column-gap-default\">\n\t\t\t\t\t<div class=\"elementor-column elementor-col-50 elementor-top-column elementor-element elementor-element-a78aa64\" data-id=\"a78aa64\" data-element_type=\"column\">\n\t\t\t<div class=\"elementor-widget-wrap elementor-element-populated\">\n\t\t\t\t\t\t\t\t<div class=\"elementor-element elementor-element-7430d48 divider-yes aleft elementor-widget elementor-widget-wgl-double-heading\" data-id=\"7430d48\" data-element_type=\"widget\" data-widget_type=\"wgl-double-heading.default\">\n\t\t\t\t<div class=\"elementor-widget-container\">\n\t\t\t<div class=\"wgl-double-heading\"><div class=\"dblh__divider\"><\/div><h3 class=\"dblh__title-wrapper\"><span class=\"dblh__title dblh__title-1\">Todos nuestros\nproductos son aut\u00e9nticos y 100% <\/span><span class=\"dblh__title dblh__title-2\">hechos&nbsp;a mano<\/span><\/h3><\/div>\t\t<\/div>\n\t\t\t\t<\/div>\n\t\t\t\t\t<\/div>\n\t\t<\/div>\n\t\t\t\t<div class=\"elementor-column elementor-col-50 elementor-top-column elementor-element elementor-element-933772e\" data-id=\"933772e\" data-element_type=\"column\">\n\t\t\t<div class=\"elementor-widget-wrap elementor-element-populated\">\n\t\t\t\t\t\t\t\t<div class=\"elementor-element elementor-element-0999a03 elementor-widget elementor-widget-spacer\" data-id=\"0999a03\" data-element_type=\"widget\" data-widget_type=\"spacer.default\">\n\t\t\t\t<div class=\"elementor-widget-container\">\n\t\t\t<style>\/*! elementor - v3.11.5 - 14-03-2023 *\/\n.elementor-column .elementor-spacer-inner{height:var(--spacer-size)}.e-con{--container-widget-width:100%}.e-con-inner>.elementor-widget-spacer,.e-con>.elementor-widget-spacer{width:var(--container-widget-width,var(--spacer-size));--align-self:var(--container-widget-align-self,initial);--flex-shrink:0}.e-con-inner>.elementor-widget-spacer>.elementor-widget-container,.e-con-inner>.elementor-widget-spacer>.elementor-widget-container>.elementor-spacer,.e-con>.elementor-widget-spacer>.elementor-widget-container,.e-con>.elementor-widget-spacer>.elementor-widget-container>.elementor-spacer{height:100%}.e-con-inner>.elementor-widget-spacer>.elementor-widget-container>.elementor-spacer>.elementor-spacer-inner,.e-con>.elementor-widget-spacer>.elementor-widget-container>.elementor-spacer>.elementor-spacer-inner{height:var(--container-widget-height,var(--spacer-size))}<\/style>\t\t<div class=\"elementor-spacer\">\n\t\t\t<div class=\"elementor-spacer-inner\"><\/div>\n\t\t<\/div>\n\t\t\t\t<\/div>\n\t\t\t\t<\/div>\n\t\t\t\t<div class=\"elementor-element elementor-element-6129bf0 elementor-widget elementor-widget-text-editor\" data-id=\"6129bf0\" data-element_type=\"widget\" data-widget_type=\"text-editor.default\">\n\t\t\t\t<div class=\"elementor-widget-container\">\n\t\t\t<style>\/*! elementor - v3.11.5 - 14-03-2023 *\/\n.elementor-widget-text-editor.elementor-drop-cap-view-stacked .elementor-drop-cap{background-color:#818a91;color:#fff}.elementor-widget-text-editor.elementor-drop-cap-view-framed .elementor-drop-cap{color:#818a91;border:3px solid;background-color:transparent}.elementor-widget-text-editor:not(.elementor-drop-cap-view-default) .elementor-drop-cap{margin-top:8px}.elementor-widget-text-editor:not(.elementor-drop-cap-view-default) .elementor-drop-cap-letter{width:1em;height:1em}.elementor-widget-text-editor .elementor-drop-cap{float:left;text-align:center;line-height:1;font-size:50px}.elementor-widget-text-editor .elementor-drop-cap-letter{display:inline-block}<\/style>\t\t\t\t<p>En <strong>Arte Regial<\/strong> todos nuestros art\u00edculos son hechos por gente trabajadora, por manos mexicanas y en cada uno de ellos viene reflejado el amor, la dedicaci\u00f3n y horas de trabajo y esfuerzo.<\/p><p>Nuestro objetivo es Ayudar a nuestros artesanos con la<br \/>difusi\u00f3n de sus incre\u00edbles artesan\u00edas.<\/p>\t\t\t\t\t\t<\/div>\n\t\t\t\t<\/div>\n\t\t\t\t\t<\/div>\n\t\t<\/div>\n\t\t\t\t\t\t\t<\/div>\n\t\t<\/section>\n\t\t<div class=\"elementor-element elementor-element-b0128fc e-con-boxed e-con\" data-id=\"b0128fc\" data-element_type=\"container\" data-settings=\"{&quot;content_width&quot;:&quot;boxed&quot;}\">\n\t\t\t\t\t<div class=\"e-con-inner\">\n\t\t\t\t<div class=\"elementor-element elementor-element-b0e5a4d elementor-widget elementor-widget-spacer\" data-id=\"b0e5a4d\" data-element_type=\"widget\" data-widget_type=\"spacer.default\">\n\t\t\t\t<div class=\"elementor-widget-container\">\n\t\t\t\t\t<div class=\"elementor-spacer\">\n\t\t\t<div class=\"elementor-spacer-inner\"><\/div>\n\t\t<\/div>\n\t\t\t\t<\/div>\n\t\t\t\t<\/div>\n\t\t\t\t<div class=\"elementor-element elementor-element-e8d6f5c elementor-widget elementor-widget-heading\" data-id=\"e8d6f5c\" data-element_type=\"widget\" data-widget_type=\"heading.default\">\n\t\t\t\t<div class=\"elementor-widget-container\">\n\t\t\t<style>\/*! elementor - v3.11.5 - 14-03-2023 *\/\n.elementor-heading-title{padding:0;margin:0;line-height:1}.elementor-widget-heading .elementor-heading-title[class*=elementor-size-]>a{color:inherit;font-size:inherit;line-height:inherit}.elementor-widget-heading .elementor-heading-title.elementor-size-small{font-size:15px}.elementor-widget-heading .elementor-heading-title.elementor-size-medium{font-size:19px}.elementor-widget-heading .elementor-heading-title.elementor-size-large{font-size:29px}.elementor-widget-heading .elementor-heading-title.elementor-size-xl{font-size:39px}.elementor-widget-heading .elementor-heading-title.elementor-size-xxl{font-size:59px}<\/style><h3 class=\"elementor-heading-title elementor-size-default\">Nuestras caracter\u00edsticas:<\/h3>\t\t<\/div>\n\t\t\t\t<\/div>\n\t\t\t\t\t<\/div>\n\t\t\t\t<\/div>\n\t\t\t\t<section class=\"elementor-section elementor-top-section elementor-element elementor-element-c1d1997 elementor-section-boxed elementor-section-height-default elementor-section-height-default\" data-id=\"c1d1997\" data-element_type=\"section\">\n\t\t\t\t\t\t<div class=\"elementor-container elementor-column-gap-default\">\n\t\t\t\t\t<div class=\"elementor-column elementor-col-33 elementor-top-column elementor-element elementor-element-d751787\" data-id=\"d751787\" data-element_type=\"column\">\n\t\t\t<div class=\"elementor-widget-wrap elementor-element-populated\">\n\t\t\t\t\t\t\t\t<div class=\"elementor-element elementor-element-5d6c949 aleft elementor-view-default elementor-widget elementor-widget-wgl-info-box\" data-id=\"5d6c949\" data-element_type=\"widget\" data-widget_type=\"wgl-info-box.default\">\n\t\t\t\t<div class=\"elementor-widget-container\">\n\t\t\t<div class=\"wgl-infobox\"><div class=\"wgl-infobox_wrapper wgl-layout-top\"><div class=\"media-wrapper number-wrapper\"><\/div><div class=\"content_wrapper\"><div class=\"wgl-infobox-title_wrapper\"><h3 class=\"wgl-infobox_title\"><span class=\"wgl-infobox_title-idle\">Hecho a mano<\/span><\/h3><\/div><div class=\"wgl-infobox_content\"><p>Todos nuestros art\u00edculos son hechos por manos apasionadas mexicanas.<\/p><\/div><div class=\"wgl-infobox-button_wrapper\"><a  class=\"wgl-infobox_button button-read-more\"><\/a><\/div><\/div><\/div><\/div>\t\t<\/div>\n\t\t\t\t<\/div>\n\t\t\t\t\t<\/div>\n\t\t<\/div>\n\t\t\t\t<div class=\"elementor-column elementor-col-33 elementor-top-column elementor-element elementor-element-2432435\" data-id=\"2432435\" data-element_type=\"column\">\n\t\t\t<div class=\"elementor-widget-wrap elementor-element-populated\">\n\t\t\t\t\t\t\t\t<div class=\"elementor-element elementor-element-66bb2c3 aleft elementor-view-default elementor-widget elementor-widget-wgl-info-box\" data-id=\"66bb2c3\" data-element_type=\"widget\" data-widget_type=\"wgl-info-box.default\">\n\t\t\t\t<div class=\"elementor-widget-container\">\n\t\t\t<div class=\"wgl-infobox\"><div class=\"wgl-infobox_wrapper wgl-layout-top\"><div class=\"media-wrapper number-wrapper\"><\/div><div class=\"content_wrapper\"><div class=\"wgl-infobox-title_wrapper\"><h3 class=\"wgl-infobox_title\"><span class=\"wgl-infobox_title-idle\">Amor y pasi\u00f3n<\/span><\/h3><\/div><div class=\"wgl-infobox_content\"><p>Cada prenda ha sido elaborada con mucho esfuerzo, amor y pasi\u00f3n.<\/p><\/div><div class=\"wgl-infobox-button_wrapper\"><a  class=\"wgl-infobox_button button-read-more\"><\/a><\/div><\/div><\/div><\/div>\t\t<\/div>\n\t\t\t\t<\/div>\n\t\t\t\t\t<\/div>\n\t\t<\/div>\n\t\t\t\t<div class=\"elementor-column elementor-col-33 elementor-top-column elementor-element elementor-element-b1a709e\" data-id=\"b1a709e\" data-element_type=\"column\">\n\t\t\t<div class=\"elementor-widget-wrap elementor-element-populated\">\n\t\t\t\t\t\t\t\t<div class=\"elementor-element elementor-element-4ad0f13 aleft elementor-view-default elementor-widget elementor-widget-wgl-info-box\" data-id=\"4ad0f13\" data-element_type=\"widget\" data-widget_type=\"wgl-info-box.default\">\n\t\t\t\t<div class=\"elementor-widget-container\">\n\t\t\t<div class=\"wgl-infobox\"><div class=\"wgl-infobox_wrapper wgl-layout-top\"><div class=\"media-wrapper number-wrapper\"><\/div><div class=\"content_wrapper\"><div class=\"wgl-infobox-title_wrapper\"><h3 class=\"wgl-infobox_title\"><span class=\"wgl-infobox_title-idle\">Consumo local<\/span><\/h3><\/div><div class=\"wgl-infobox_content\"><p>Al adquirir nuestros productos, apoyas a artesanos mexicanos que luchan por visibilizar sus grandes obras de arte.<\/p><\/div><div class=\"wgl-infobox-button_wrapper\"><a  class=\"wgl-infobox_button button-read-more\"><\/a><\/div><\/div><\/div><\/div>\t\t<\/div>\n\t\t\t\t<\/div>\n\t\t\t\t\t<\/div>\n\t\t<\/div>\n\t\t\t\t\t\t\t<\/div>\n\t\t<\/section>\n\t\t\t\t<section class=\"elementor-section elementor-top-section elementor-element elementor-element-0699f7b elementor-section-boxed elementor-section-height-default elementor-section-height-default\" data-id=\"0699f7b\" data-element_type=\"section\" data-settings=\"{&quot;background_background&quot;:&quot;classic&quot;}\">\n\t\t\t\t\t\t<div class=\"elementor-container elementor-column-gap-default\">\n\t\t\t\t\t<div class=\"elementor-column elementor-col-100 elementor-top-column elementor-element elementor-element-9e9c5a8\" data-id=\"9e9c5a8\" data-element_type=\"column\">\n\t\t\t<div class=\"elementor-widget-wrap elementor-element-populated\">\n\t\t\t\t\t\t\t\t<div class=\"elementor-element elementor-element-5463179 elementor-widget elementor-widget-spacer\" data-id=\"5463179\" data-element_type=\"widget\" data-widget_type=\"spacer.default\">\n\t\t\t\t<div class=\"elementor-widget-container\">\n\t\t\t\t\t<div class=\"elementor-spacer\">\n\t\t\t<div class=\"elementor-spacer-inner\"><\/div>\n\t\t<\/div>\n\t\t\t\t<\/div>\n\t\t\t\t<\/div>\n\t\t\t\t<div class=\"elementor-element elementor-element-5ca6af2 acenter divider-yes elementor-widget elementor-widget-wgl-double-heading\" data-id=\"5ca6af2\" data-element_type=\"widget\" data-widget_type=\"wgl-double-heading.default\">\n\t\t\t\t<div class=\"elementor-widget-container\">\n\t\t\t<div class=\"wgl-double-heading\"><div class=\"dblh__divider\"><\/div><h3 class=\"dblh__title-wrapper\"><span class=\"dblh__title dblh__title-1\">\u00a1Conoce a nuestro<br \/>magn\u00edfico <\/span><span class=\"dblh__title dblh__title-2\">equipo<\/span><span class=\"dblh__title dblh__title-3\">!<\/span><\/h3><\/div>\t\t<\/div>\n\t\t\t\t<\/div>\n\t\t\t\t<div class=\"elementor-element elementor-element-2cceb38 elementor-widget elementor-widget-spacer\" data-id=\"2cceb38\" data-element_type=\"widget\" data-widget_type=\"spacer.default\">\n\t\t\t\t<div class=\"elementor-widget-container\">\n\t\t\t\t\t<div class=\"elementor-spacer\">\n\t\t\t<div class=\"elementor-spacer-inner\"><\/div>\n\t\t<\/div>\n\t\t\t\t<\/div>\n\t\t\t\t<\/div>\n\t\t\t\t<div class=\"elementor-element elementor-element-475fe89 acenter socials-official-idle socials-official-hover elementor-widget elementor-widget-wgl-team\" data-id=\"475fe89\" data-element_type=\"widget\" data-widget_type=\"wgl-team.default\">\n\t\t\t\t<div class=\"elementor-widget-container\">\n\t\t\t<section class=\"wgl_module_team\"><div class=\"team__members grid-col--3 carousel\"><div class=\"wgl-carousel_wrapper\"><div class=\"wgl-carousel wgl-carousel_swiper swiper-container\" data-swiper='{\"watchOverflow\":true,\"infinite\":false,\"variableWidth\":false,\"autoplay\":false,\"autoplaySpeed\":null,\"speed\":3000,\"arrows\":false,\"dots\":false,\"adaptiveHeight\":false,\"responsive\":[{\"breakpoint\":1600,\"slidesToShow\":\"3\",\"slidesToScroll\":\"3\"},{\"breakpoint\":1201,\"slidesToShow\":\"3\",\"slidesToScroll\":\"3\"},{\"breakpoint\":768,\"slidesToShow\":\"2\",\"slidesToScroll\":\"2\"},{\"breakpoint\":280,\"slidesToShow\":\"1\",\"slidesToScroll\":\"1\"}]}' data-item-carousel='wgl_carousel_69dc4860429b5'><div class=\"swiper-wrapper\"><article class=\"team__member swiper-slide\"><div class=\"member__wrapper\"><div class=\"member__media\"><a href=\"https:\/\/arteregial.com.mx\/en\/team\/gisela-reyes\/\" class=\"member__thumbnail\"><img data-recalc-dims=\"1\" height=\"740\" width=\"714\" decoding=\"async\" src=\"https:\/\/i0.wp.com\/arteregial.com.mx\/wp-content\/uploads\/2022\/04\/Gisela-Reyes-714x740.png?resize=714%2C740&#038;ssl=1\" class=\"thumbnail__featured\" alt=\"\"><\/a><\/div><div class=\"member__info\"><h2 class=\"member__name\"><a href=\"https:\/\/arteregial.com.mx\/en\/team\/gisela-reyes\/\">Gisela Reyes<\/a><\/h2><div class=\"info__wrapper\"><div class=\"info__highlighted\">CEO Arte Regial<\/div><\/div><\/div><\/div><\/article><article class=\"team__member swiper-slide\"><div class=\"member__wrapper\"><div class=\"member__media\"><a href=\"https:\/\/arteregial.com.mx\/en\/team\/viridiana-gonzalez\/\" class=\"member__thumbnail\"><img data-recalc-dims=\"1\" height=\"740\" width=\"714\" decoding=\"async\" src=\"https:\/\/i0.wp.com\/arteregial.com.mx\/wp-content\/uploads\/2022\/04\/Viridiana-714x740.png?resize=714%2C740&#038;ssl=1\" class=\"thumbnail__featured\" alt=\"\"><\/a><\/div><div class=\"member__info\"><h2 class=\"member__name\"><a href=\"https:\/\/arteregial.com.mx\/en\/team\/viridiana-gonzalez\/\">Viridiana Gonz\u00e1lez<\/a><\/h2><div class=\"info__wrapper\"><div class=\"info__highlighted\">Ventas<\/div><\/div><\/div><\/div><\/article><article class=\"team__member swiper-slide\"><div class=\"member__wrapper\"><div class=\"member__media\"><a href=\"https:\/\/arteregial.com.mx\/en\/team\/alba-reyes\/\" class=\"member__thumbnail\"><img data-recalc-dims=\"1\" height=\"740\" width=\"714\" decoding=\"async\" src=\"https:\/\/i0.wp.com\/arteregial.com.mx\/wp-content\/uploads\/2022\/04\/Alba-Reyes-714x740.png?resize=714%2C740&#038;ssl=1\" class=\"thumbnail__featured\" alt=\"\"><\/a><\/div><div class=\"member__info\"><h2 class=\"member__name\"><a href=\"https:\/\/arteregial.com.mx\/en\/team\/alba-reyes\/\">Alba reyes<\/a><\/h2><div class=\"info__wrapper\"><div class=\"info__highlighted\">Redes Sociales<\/div><\/div><\/div><\/div><\/article><\/div><\/div><\/div><\/div><\/section>\t\t<\/div>\n\t\t\t\t<\/div>\n\t\t\t\t<div class=\"elementor-element elementor-element-6c1df1c acenter elementor-widget-icon-box wgl-icon-box elementor-widget elementor-widget-wgl-button\" data-id=\"6c1df1c\" data-element_type=\"widget\" data-widget_type=\"wgl-button.default\">\n\t\t\t\t<div class=\"elementor-widget-container\">\n\t\t\t<a  class=\"wgl-button btn-size-lg\" role=\"button\" href=\"https:\/\/arteregial.com.mx\/en\/team\/\"><div class=\"button__content align-icon-right\"><div class=\"media-wrapper icon-wrapper\"><span class=\"wgl-icon\" ><i class=\"icon elementor-icon flaticon flaticon-long-next\" aria-hidden=\"true\"><\/i><\/span><\/div><span class=\"button__text\">Ver m\u00e1s<\/span><\/div><\/a>\t\t<\/div>\n\t\t\t\t<\/div>\n\t\t\t\t<div class=\"elementor-element elementor-element-17aa846 elementor-widget elementor-widget-spacer\" data-id=\"17aa846\" data-element_type=\"widget\" data-widget_type=\"spacer.default\">\n\t\t\t\t<div class=\"elementor-widget-container\">\n\t\t\t\t\t<div class=\"elementor-spacer\">\n\t\t\t<div class=\"elementor-spacer-inner\"><\/div>\n\t\t<\/div>\n\t\t\t\t<\/div>\n\t\t\t\t<\/div>\n\t\t\t\t\t<\/div>\n\t\t<\/div>\n\t\t\t\t\t\t\t<\/div>\n\t\t<\/section>\n\t\t\t\t<section class=\"elementor-section elementor-top-section elementor-element elementor-element-58b6a22 elementor-section-full_width elementor-section-height-default elementor-section-height-default\" data-id=\"58b6a22\" data-element_type=\"section\">\n\t\t\t\t\t\t<div class=\"elementor-container elementor-column-gap-no\">\n\t\t\t\t\t<div class=\"elementor-column elementor-col-50 elementor-top-column elementor-element elementor-element-fbe2468\" data-id=\"fbe2468\" data-element_type=\"column\" data-settings=\"{&quot;background_background&quot;:&quot;classic&quot;}\">\n\t\t\t<div class=\"elementor-widget-wrap elementor-element-populated\">\n\t\t\t\t\t\t\t\t<div class=\"elementor-element elementor-element-213e110 elementor-widget elementor-widget-spacer\" data-id=\"213e110\" data-element_type=\"widget\" data-widget_type=\"spacer.default\">\n\t\t\t\t<div class=\"elementor-widget-container\">\n\t\t\t\t\t<div class=\"elementor-spacer\">\n\t\t\t<div class=\"elementor-spacer-inner\"><\/div>\n\t\t<\/div>\n\t\t\t\t<\/div>\n\t\t\t\t<\/div>\n\t\t\t\t\t<\/div>\n\t\t<\/div>\n\t\t\t\t<div class=\"elementor-column elementor-col-50 elementor-top-column elementor-element elementor-element-6841ed6\" data-id=\"6841ed6\" data-element_type=\"column\" data-settings=\"{&quot;background_background&quot;:&quot;classic&quot;}\">\n\t\t\t<div class=\"elementor-widget-wrap elementor-element-populated\">\n\t\t\t\t\t\t\t\t<div class=\"elementor-element elementor-element-a3d967d elementor-widget elementor-widget-spacer\" data-id=\"a3d967d\" data-element_type=\"widget\" data-widget_type=\"spacer.default\">\n\t\t\t\t<div class=\"elementor-widget-container\">\n\t\t\t\t\t<div class=\"elementor-spacer\">\n\t\t\t<div class=\"elementor-spacer-inner\"><\/div>\n\t\t<\/div>\n\t\t\t\t<\/div>\n\t\t\t\t<\/div>\n\t\t\t\t<div class=\"elementor-element elementor-element-ce817e0 aleft elementor-widget elementor-widget-wgl-testimonials\" data-id=\"ce817e0\" data-element_type=\"widget\" data-widget_type=\"wgl-testimonials.default\">\n\t\t\t\t<div class=\"elementor-widget-container\">\n\t\t\t<div  class=\"wgl-testimonials type-bottom_inline\"><div class=\"wgl-carousel_wrapper\"><div class=\"wgl-carousel wgl-carousel_swiper swiper-container pagination_circle\" data-swiper='{\"watchOverflow\":true,\"infinite\":true,\"variableWidth\":false,\"autoplay\":true,\"autoplaySpeed\":3000,\"speed\":3000,\"arrows\":false,\"dots\":true,\"adaptiveHeight\":false,\"responsive\":[{\"breakpoint\":1600,\"slidesToShow\":\"1\",\"slidesToScroll\":1},{\"breakpoint\":1201,\"slidesToShow\":\"1\",\"slidesToScroll\":1},{\"breakpoint\":768,\"slidesToShow\":\"1\",\"slidesToScroll\":1},{\"breakpoint\":280,\"slidesToShow\":\"1\",\"slidesToScroll\":1}]}' data-item-carousel='wgl_carousel_69dc486047901'><div class=\"swiper-wrapper\"><div class=\"testimonials__wrapper swiper-slide\"><div class=\"testimonial__item\"><div class=\"item__content\"><div class=\"item__quote\"><p>I love it!!<\/p><p>Thanks Arte Regial.\u00a0<\/p><\/div><\/div><div class=\"item__author\"><div class=\"author__thumbnail\"><img data-recalc-dims=\"1\" height=\"190\" width=\"190\" decoding=\"async\" src=\"https:\/\/i0.wp.com\/arteregial.com.mx\/wp-content\/uploads\/2022\/04\/Elsa.png?resize=190%2C190\" alt=\"Elsa photo\"  style=\"width: 95px;\"><\/div><div class=\"author__meta\"><h3 class=\"author__name\">Elsa<\/h3><span class=\"author__position\">STORE CUSTOMER<\/span><\/div><\/div><\/div><\/div><div class=\"testimonials__wrapper swiper-slide\"><div class=\"testimonial__item\"><div class=\"item__content\"><div class=\"item__quote\"><p>Thank you very much, they are DIVINE!! \u2665\ufe0f, A GREAT JOB!! GREETINGS!!<\/p><\/div><\/div><div class=\"item__author\"><div class=\"author__thumbnail\"><img data-recalc-dims=\"1\" height=\"190\" width=\"190\" decoding=\"async\" src=\"https:\/\/i0.wp.com\/arteregial.com.mx\/wp-content\/uploads\/2022\/04\/Xochitl.png?resize=190%2C190\" alt=\"Xochitl photo\"  style=\"width: 95px;\"><\/div><div class=\"author__meta\"><h3 class=\"author__name\">Xochitl<\/h3><span class=\"author__position\">STORE CUSTOMER<\/span><\/div><\/div><\/div><\/div><div class=\"testimonials__wrapper swiper-slide\"><div class=\"testimonial__item\"><div class=\"item__content\"><div class=\"item__quote\"><p>\u00a1\u00a1Sandalias nuevas, hermosas!!! Me encantaron desde que las vi.<\/p><\/div><\/div><div class=\"item__author\"><div class=\"author__thumbnail\"><img data-recalc-dims=\"1\" height=\"190\" width=\"190\" decoding=\"async\" src=\"https:\/\/i0.wp.com\/arteregial.com.mx\/wp-content\/uploads\/2022\/04\/Rosy.png?resize=190%2C190\" alt=\"Rosy photo\"  style=\"width: 95px;\"><\/div><div class=\"author__meta\"><h3 class=\"author__name\">Rosy<\/h3><span class=\"author__position\">STORE CUSTOMER<\/span><\/div><\/div><\/div><\/div><div class=\"testimonials__wrapper swiper-slide\"><div class=\"testimonial__item\"><div class=\"item__content\"><div class=\"item__quote\"><p>Thank you ARTE REGIAL, they are beautiful.<\/p><\/div><\/div><div class=\"item__author\"><div class=\"author__thumbnail\"><img data-recalc-dims=\"1\" height=\"190\" width=\"190\" decoding=\"async\" src=\"https:\/\/i0.wp.com\/arteregial.com.mx\/wp-content\/uploads\/2022\/04\/Bubia.png?resize=190%2C190\" alt=\"Nubia V\u00e1squez photo\"  style=\"width: 95px;\"><\/div><div class=\"author__meta\"><h3 class=\"author__name\">Nubia V\u00e1squez<\/h3><span class=\"author__position\">STORE CUSTOMER<\/span><\/div><\/div><\/div><\/div><div class=\"testimonials__wrapper swiper-slide\"><div class=\"testimonial__item\"><div class=\"item__content\"><div class=\"item__quote\"><p>My blouse, super fresh and more than beautiful, thank you girls! I loved it.<\/p><\/div><\/div><div class=\"item__author\"><div class=\"author__thumbnail\"><img data-recalc-dims=\"1\" height=\"190\" width=\"190\" decoding=\"async\" src=\"https:\/\/i0.wp.com\/arteregial.com.mx\/wp-content\/uploads\/2022\/04\/5.png?resize=190%2C190\" alt=\" photo\"  style=\"width: 95px;\"><\/div><div class=\"author__meta\"><h3 class=\"author__name\"><\/h3><span class=\"author__position\">STORE CUSTOMER<\/span><\/div><\/div><\/div><\/div><div class=\"testimonials__wrapper swiper-slide\"><div class=\"testimonial__item\"><div class=\"item__content\"><div class=\"item__quote\"><p>It\u00b4s beautiful, thank you!<\/p><\/div><\/div><div class=\"item__author\"><div class=\"author__thumbnail\"><img data-recalc-dims=\"1\" height=\"190\" width=\"190\" decoding=\"async\" src=\"https:\/\/i0.wp.com\/arteregial.com.mx\/wp-content\/uploads\/2022\/04\/Trini.png?resize=190%2C190\" alt=\"Trini photo\"  style=\"width: 95px;\"><\/div><div class=\"author__meta\"><h3 class=\"author__name\">Trini<\/h3><span class=\"author__position\">STORE CUSTOMER<\/span><\/div><\/div><\/div><\/div><div class=\"testimonials__wrapper swiper-slide\"><div class=\"testimonial__item\"><div class=\"item__content\"><div class=\"item__quote\"><p>\u201cCreativity is an act of faith, to create you must first believe,\u201d. I have\nloved each of your creations. Thank you for making me happy Arte Regial!!<\/p><\/div><\/div><div class=\"item__author\"><div class=\"author__thumbnail\"><img data-recalc-dims=\"1\" height=\"190\" width=\"190\" decoding=\"async\" src=\"https:\/\/i0.wp.com\/arteregial.com.mx\/wp-content\/uploads\/2022\/04\/Abigail.png?resize=190%2C190\" alt=\"Abigail photo\"  style=\"width: 95px;\"><\/div><div class=\"author__meta\"><h3 class=\"author__name\">Abigail<\/h3><span class=\"author__position\">STORE CUSTOMER<\/span><\/div><\/div><\/div><\/div><\/div><ul class=\"swiper-pagination\" role=\"tablist\" data-carousel=\"wgl_carousel_69dc486047901\"><\/ul><\/div><\/div><\/div>\t\t<\/div>\n\t\t\t\t<\/div>\n\t\t\t\t<div class=\"elementor-element elementor-element-13667ef elementor-widget elementor-widget-spacer\" data-id=\"13667ef\" data-element_type=\"widget\" data-widget_type=\"spacer.default\">\n\t\t\t\t<div class=\"elementor-widget-container\">\n\t\t\t\t\t<div class=\"elementor-spacer\">\n\t\t\t<div class=\"elementor-spacer-inner\"><\/div>\n\t\t<\/div>\n\t\t\t\t<\/div>\n\t\t\t\t<\/div>\n\t\t\t\t\t<\/div>\n\t\t<\/div>\n\t\t\t\t\t\t\t<\/div>\n\t\t<\/section>\n\t\t\t\t\t\t\t<\/div>","protected":false},"excerpt":{"rendered":"<p>Todos nuestros productos son aut\u00e9nticos y 100% hechos&nbsp;a mano En Arte Regial todos nuestros art\u00edculos son hechos por gente trabajadora, por manos mexicanas y en cada uno de ellos viene reflejado el amor, la dedicaci\u00f3n y horas de trabajo y esfuerzo. Nuestro objetivo es Ayudar a nuestros artesanos con ladifusi\u00f3n de sus incre\u00edbles artesan\u00edas. Nuestras [&hellip;]<\/p>","protected":false},"author":1,"featured_media":0,"parent":0,"menu_order":0,"comment_status":"closed","ping_status":"closed","template":"","meta":{"advanced_seo_description":"","jetpack_seo_html_title":"","jetpack_seo_noindex":false,"footnotes":""},"class_list":["post-1117","page","type-page","status-publish","hentry"],"jetpack-related-posts":[],"jetpack_sharing_enabled":true,"_links":{"self":[{"href":"https:\/\/arteregial.com.mx\/en\/wp-json\/wp\/v2\/pages\/1117","targetHints":{"allow":["GET"]}}],"collection":[{"href":"https:\/\/arteregial.com.mx\/en\/wp-json\/wp\/v2\/pages"}],"about":[{"href":"https:\/\/arteregial.com.mx\/en\/wp-json\/wp\/v2\/types\/page"}],"author":[{"embeddable":true,"href":"https:\/\/arteregial.com.mx\/en\/wp-json\/wp\/v2\/users\/1"}],"replies":[{"embeddable":true,"href":"https:\/\/arteregial.com.mx\/en\/wp-json\/wp\/v2\/comments?post=1117"}],"version-history":[{"count":58,"href":"https:\/\/arteregial.com.mx\/en\/wp-json\/wp\/v2\/pages\/1117\/revisions"}],"predecessor-version":[{"id":4433,"href":"https:\/\/arteregial.com.mx\/en\/wp-json\/wp\/v2\/pages\/1117\/revisions\/4433"}],"wp:attachment":[{"href":"https:\/\/arteregial.com.mx\/en\/wp-json\/wp\/v2\/media?parent=1117"}],"curies":[{"name":"wp","href":"https:\/\/api.w.org\/{rel}","templated":true}]}}